{"id":233,"date":"2021-05-11T17:08:18","date_gmt":"2021-05-11T20:08:18","guid":{"rendered":"https:\/\/educacao.niteroi.rj.gov.br\/?page_id=233"},"modified":"2025-03-24T12:02:13","modified_gmt":"2025-03-24T15:02:13","slug":"secretario-de-educacao","status":"publish","type":"page","link":"https:\/\/www.educacao.niteroi.rj.gov.br\/?page_id=233","title":{"rendered":"Secret\u00e1rio de Educa\u00e7\u00e3o"},"content":{"rendered":"<p>[et_pb_section fb_built=&#8221;1&#8243; fullwidth=&#8221;on&#8221; _builder_version=&#8221;4.8.0&#8243; _module_preset=&#8221;default&#8221;][et_pb_fullwidth_post_title meta=&#8221;off&#8221; featured_image=&#8221;off&#8221; _builder_version=&#8221;4.9.6&#8243; _module_preset=&#8221;default&#8221; title_font=&#8221;|600|||||||&#8221; background_color=&#8221;#e8e8e8&#8243; text_orientation=&#8221;center&#8221; custom_padding=&#8221;70px||50px||false|false&#8221;][\/et_pb_fullwidth_post_title][\/et_pb_section][et_pb_section fb_built=&#8221;1&#8243; admin_label=&#8221;Se\u00e7\u00e3o&#8221; _builder_version=&#8221;4.8.0&#8243; _module_preset=&#8221;default&#8221;][et_pb_row _builder_version=&#8221;4.9.6&#8243; _module_preset=&#8221;default&#8221;][et_pb_column _builder_version=&#8221;4.9.6&#8243; _module_preset=&#8221;default&#8221; type=&#8221;4_4&#8243;][et_pb_text _builder_version=&#8221;4.9.6&#8243; _module_preset=&#8221;default&#8221; hover_enabled=&#8221;0&#8243; sticky_enabled=&#8221;0&#8243;]<\/p>\n<p><strong>Bira Marques<\/strong><\/p>\n<p><em>Secret\u00e1rio Municipal de Educa\u00e7\u00e3o de Niter\u00f3i<\/em><\/p>\n<p>Bira Marques \u00e9 soci\u00f3logo e professor, formado pela Universidade Federal Fluminense (UFF), e especialista em Teoria Pol\u00edtica e Processo Legislativo. \u00c9 o atual presidente da Funda\u00e7\u00e3o Municipal de Educa\u00e7\u00e3o e secret\u00e1rio de municipal de Educa\u00e7\u00e3o,<br \/>desde 2023. Neste per\u00edodo, inaugurou cinco escolas, um centro de forma\u00e7\u00e3o para profissionais da rede e um centro de treinamento voltado para o esporte educacional.<\/p>\n<p>[\/et_pb_text][\/et_pb_column][\/et_pb_row][\/et_pb_section]<\/p>\n","protected":false},"excerpt":{"rendered":"<p>[et_pb_section fb_built=&#8221;1&#8243; fullwidth=&#8221;on&#8221; _builder_version=&#8221;4.8.0&#8243; _module_preset=&#8221;default&#8221;][et_pb_fullwidth_post_title meta=&#8221;off&#8221; featured_image=&#8221;off&#8221; _builder_version=&#8221;4.9.6&#8243; _module_preset=&#8221;default&#8221; title_font=&#8221;|600|||||||&#8221; background_color=&#8221;#e8e8e8&#8243; text_orientation=&#8221;center&#8221; custom_padding=&#8221;70px||50px||false|false&#8221;][\/et_pb_fullwidth_post_title][\/et_pb_section][et_pb_section fb_built=&#8221;1&#8243; admin_label=&#8221;Se\u00e7\u00e3o&#8221; _builder_version=&#8221;4.8.0&#8243; _module_preset=&#8221;default&#8221;][et_pb_row _builder_version=&#8221;4.9.6&#8243; _module_preset=&#8221;default&#8221;][et_pb_column _builder_version=&#8221;4.9.6&#8243; _module_preset=&#8221;default&#8221; type=&#8221;4_4&#8243;][et_pb_text _builder_version=&#8221;4.9.6&#8243; _module_preset=&#8221;default&#8221; hover_enabled=&#8221;0&#8243; sticky_enabled=&#8221;0&#8243;] Bira Marques Secret\u00e1rio Municipal de Educa\u00e7\u00e3o de Niter\u00f3i Bira Marques \u00e9 soci\u00f3logo e professor, formado pela Universidade Federal Fluminense (UFF), e especialista em Teoria Pol\u00edtica e Processo Legislativo. \u00c9 [&hellip;]<\/p>\n","protected":false},"author":7,"featured_media":0,"parent":0,"menu_order":0,"comment_status":"closed","ping_status":"closed","template":"","meta":{"_et_pb_use_builder":"on","_et_pb_old_content":"","_et_gb_content_width":"","footnotes":""},"class_list":["post-233","page","type-page","status-publish","hentry"],"_links":{"self":[{"href":"https:\/\/www.educacao.niteroi.rj.gov.br\/index.php?rest_route=\/wp\/v2\/pages\/233","targetHints":{"allow":["GET"]}}],"collection":[{"href":"https:\/\/www.educacao.niteroi.rj.gov.br\/index.php?rest_route=\/wp\/v2\/pages"}],"about":[{"href":"https:\/\/www.educacao.niteroi.rj.gov.br\/index.php?rest_route=\/wp\/v2\/types\/page"}],"author":[{"embeddable":true,"href":"https:\/\/www.educacao.niteroi.rj.gov.br\/index.php?rest_route=\/wp\/v2\/users\/7"}],"replies":[{"embeddable":true,"href":"https:\/\/www.educacao.niteroi.rj.gov.br\/index.php?rest_route=%2Fwp%2Fv2%2Fcomments&post=233"}],"version-history":[{"count":44,"href":"https:\/\/www.educacao.niteroi.rj.gov.br\/index.php?rest_route=\/wp\/v2\/pages\/233\/revisions"}],"predecessor-version":[{"id":45762,"href":"https:\/\/www.educacao.niteroi.rj.gov.br\/index.php?rest_route=\/wp\/v2\/pages\/233\/revisions\/45762"}],"wp:attachment":[{"href":"https:\/\/www.educacao.niteroi.rj.gov.br\/index.php?rest_route=%2Fwp%2Fv2%2Fmedia&parent=233"}],"curies":[{"name":"wp","href":"https:\/\/api.w.org\/{rel}","templated":true}]}}