{"id":288,"date":"2021-05-11T17:44:03","date_gmt":"2021-05-11T20:44:03","guid":{"rendered":"https:\/\/educacao.niteroi.rj.gov.br\/?page_id=288"},"modified":"2026-03-05T16:28:51","modified_gmt":"2026-03-05T19:28:51","slug":"conselho-de-alimentacao-escolar","status":"publish","type":"page","link":"https:\/\/www.educacao.niteroi.rj.gov.br\/?page_id=288","title":{"rendered":"Conselho Municipal de Alimenta\u00e7\u00e3o Escolar (CAE)"},"content":{"rendered":"<p>[et_pb_section fb_built=&#8221;1&#8243; fullwidth=&#8221;on&#8221; _builder_version=&#8221;4.8.0&#8243; _module_preset=&#8221;default&#8221;][et_pb_fullwidth_header title=&#8221;Conselhos&#8221; subhead=&#8221;@ET-DC@eyJkeW5hbWljIjp0cnVlLCJjb250ZW50IjoicG9zdF90aXRsZSIsInNldHRpbmdzIjp7ImJlZm9yZSI6IiIsImFmdGVyIjoiIn19@&#8221; text_orientation=&#8221;center&#8221; _builder_version=&#8221;4.8.0&#8243; _dynamic_attributes=&#8221;subhead&#8221; _module_preset=&#8221;default&#8221; title_font=&#8221;|600||on|||||&#8221; title_text_color=&#8221;#3a3a3a&#8221; title_font_size=&#8221;18px&#8221; subhead_font=&#8221;Montserrat|700|||||||&#8221; subhead_text_color=&#8221;#262626&#8243; subhead_font_size=&#8221;30px&#8221; background_color=&#8221;#e8e8e8&#8243; background_layout=&#8221;light&#8221;][\/et_pb_fullwidth_header][\/et_pb_section][et_pb_section fb_built=&#8221;1&#8243; _builder_version=&#8221;4.8.0&#8243; _module_preset=&#8221;default&#8221; custom_padding=&#8221;|||6px||&#8221;][et_pb_row column_structure=&#8221;1_5,3_5,1_5&#8243; _builder_version=&#8221;4.9.6&#8243; _module_preset=&#8221;default&#8221; custom_padding=&#8221;0px||||false|false&#8221;][et_pb_column type=&#8221;1_5&#8243; _builder_version=&#8221;4.8.0&#8243; _module_preset=&#8221;default&#8221;][et_pb_text _builder_version=&#8221;4.9.6&#8243; _module_preset=&#8221;default&#8221; hover_enabled=&#8221;0&#8243; sticky_enabled=&#8221;0&#8243;]<\/p>\n<p><strong>ATIVIDADES<\/strong><\/p>\n<p><a href=\"https:\/\/www.educacao.niteroi.rj.gov.br\/wp-content\/uploads\/2025\/10\/CamScanner-16-10-2025-13.35.pdf\" rel=\"attachment wp-att-44537\">EDITAL DE CHAMAMENTO P\u00daBLICO PARA ELEI\u00c7\u00c3O DOS MEMBROS DO CONSELHO DE ALIMENTA\u00c7\u00c3O ESCOLAR (CAE)<\/a><\/p>\n<p><a href=\"https:\/\/www.educacao.niteroi.rj.gov.br\/wp-content\/uploads\/2025\/10\/CamScanner-16-10-2025-13.35.pdf\">RESULTADO FINAL DA AN\u00c1LISE DAS INSCRI\u00c7\u00d5ES<\/a><\/p>\n<p><a href=\"https:\/\/www.educacao.niteroi.rj.gov.br\/wp-content\/uploads\/2025\/10\/CamScanner-16-10-2025-13.35.pdf\">CALEND\u00c1RIO DE REUNI\u00d5ES ORDIN\u00c1RIAS DO CAE &#8211; 2025<\/a><\/p>\n<p><a href=\"https:\/\/www.educacao.niteroi.rj.gov.br\/wp-content\/uploads\/2025\/10\/CamScanner-16-10-2025-13.35.pdf\" rel=\"attachment wp-att-43687\">CALEND\u00c1RIO DE REUNI\u00d5ES ORDIN\u00c1RIAS DO CAE- 2024<\/a><\/p>\n<p><a href=\"https:\/\/www.educacao.niteroi.rj.gov.br\/wp-content\/uploads\/2025\/10\/CamScanner-16-10-2025-13.35.pdf\" rel=\"attachment wp-att-44453\">CALEND\u00c1RIO DE VISITAS SEMANAIS \u00c0S UNIDADES DE ENSINO<\/a><\/p>\n<p><a href=\"https:\/\/www.educacao.niteroi.rj.gov.br\/wp-content\/uploads\/2025\/10\/CamScanner-16-10-2025-13.35.pdf\" rel=\"attachment wp-att-44536\">Lei de Cria\u00e7\u00e3o do CAE<\/a><\/p>\n<p><a href=\"https:\/\/www.educacao.niteroi.rj.gov.br\/wp-content\/uploads\/2025\/10\/CamScanner-16-10-2025-13.35.pdf\" rel=\"attachment wp-att-44999\">PLANO DE A\u00c7\u00c3O DO CAE NITER\u00d3I 2024<\/a><\/p>\n<p><a href=\"https:\/\/www.educacao.niteroi.rj.gov.br\/wp-content\/uploads\/2025\/10\/CamScanner-16-10-2025-13.35.pdf\">Plano de A\u00e7\u00e3o do CAE Niter\u00f3i 2025<\/a><\/p>\n<p><a href=\"https:\/\/www.educacao.niteroi.rj.gov.br\/wp-content\/uploads\/2025\/10\/CamScanner-16-10-2025-13.35.pdf\" rel=\"attachment wp-att-45001\">REGIMENTO INTERNO<\/a><\/p>\n<p><a href=\"https:\/\/www.educacao.niteroi.rj.gov.br\/wp-content\/uploads\/2025\/10\/CamScanner-16-10-2025-13.35.pdf\" rel=\"attachment wp-att-44537\">FALE CONOSCO<\/a><\/p>\n<p><a href=\"https:\/\/drive.google.com\/file\/d\/1fAylEHDThOUfhjps0ZXuaYtgOL-FvSSn\/view?usp=sharing\">CAE mandato 2025 a 2029<\/a><\/p>\n<p>&nbsp;<\/p>\n<p><strong>ATAS<\/strong><\/p>\n<p><a href=\"https:\/\/www.educacao.niteroi.rj.gov.br\/wp-content\/uploads\/2025\/10\/CamScanner-16-10-2025-13.35.pdf\" rel=\"attachment wp-att-45025\">Atas CAE 2021<\/a><\/p>\n<p><a href=\"https:\/\/www.educacao.niteroi.rj.gov.br\/wp-content\/uploads\/2025\/10\/CamScanner-16-10-2025-13.35.pdf\" rel=\"attachment wp-att-45031\">Atas CAE 2022<\/a><\/p>\n<p><a href=\"https:\/\/www.educacao.niteroi.rj.gov.br\/wp-content\/uploads\/2025\/10\/CamScanner-16-10-2025-13.35.pdf\" rel=\"attachment wp-att-45027\">Atas CAE 2023<\/a><\/p>\n<p><a href=\"https:\/\/www.educacao.niteroi.rj.gov.br\/wp-content\/uploads\/2025\/10\/CamScanner-16-10-2025-13.35.pdf\" rel=\"attachment wp-att-45054\">Atas CAE 2024<\/a><\/p>\n<p><a href=\"https:\/\/www.educacao.niteroi.rj.gov.br\/wp-content\/uploads\/2025\/10\/CamScanner-16-10-2025-13.35.pdf\">Ata CAE Fev\/2025<\/a><\/p>\n<p><a href=\"https:\/\/www.educacao.niteroi.rj.gov.br\/wp-content\/uploads\/2025\/10\/CamScanner-16-10-2025-13.35.pdf\">Ata CAE Mar\/2025<\/a><\/p>\n<p><a href=\"https:\/\/www.educacao.niteroi.rj.gov.br\/wp-content\/uploads\/2025\/10\/CamScanner-16-10-2025-13.35.pdf\">Ata CAE Mar\/2025 II<\/a><\/p>\n<p><a href=\"https:\/\/www.educacao.niteroi.rj.gov.br\/wp-content\/uploads\/2025\/10\/CamScanner-16-10-2025-13.35.pdf\">Ata CAE Abril\/2025<\/a><\/p>\n<p><a href=\"https:\/\/www.educacao.niteroi.rj.gov.br\/wp-content\/uploads\/2025\/10\/CamScanner-16-10-2025-13.35.pdf\">Ata CAE Abril\/2025 II<\/a><\/p>\n<p><a href=\"https:\/\/www.educacao.niteroi.rj.gov.br\/wp-content\/uploads\/2025\/10\/CamScanner-16-10-2025-13.35.pdf\">Ata CAE Maio\/2025<\/a><\/p>\n<p><a href=\"https:\/\/www.educacao.niteroi.rj.gov.br\/wp-content\/uploads\/2025\/10\/CamScanner-16-10-2025-13.35.pdf\">Ata CAE Junho\/2025<\/a><\/p>\n<p><a href=\"https:\/\/www.educacao.niteroi.rj.gov.br\/wp-content\/uploads\/2025\/10\/CamScanner-16-10-2025-13.35.pdf\">Ata CAE Julho\/2025<\/a><\/p>\n<p><a href=\"https:\/\/www.educacao.niteroi.rj.gov.br\/wp-content\/uploads\/2025\/10\/CamScanner-16-10-2025-13.33.pdf\">Ata CAE Agosto\/2025<\/a><\/p>\n<p><a href=\"https:\/\/www.educacao.niteroi.rj.gov.br\/wp-content\/uploads\/2025\/10\/CamScanner-16-10-2025-13.35.pdf\">Ata CAE Outubro\/2025<\/a><\/p>\n<p><a href=\"https:\/\/www.educacao.niteroi.rj.gov.br\/wp-content\/uploads\/2026\/01\/ATA-CAE.pdf\">Ata CAE Novembro e Dezembro\/2025<\/a><\/p>\n<p>&nbsp;<\/p>\n<p>[\/et_pb_text][\/et_pb_column][et_pb_column type=&#8221;3_5&#8243; _builder_version=&#8221;4.8.0&#8243; _module_preset=&#8221;default&#8221;][et_pb_text _builder_version=&#8221;4.9.6&#8243; _module_preset=&#8221;default&#8221;]<\/p>\n<p style=\"text-align: center;\"><strong><span class=\"x_ContentPasted0\">\u00a0 CONSELHO\u00a0<\/span><span class=\"x_ContentPasted0\">MUNICIPAL<\/span><span class=\"x_ContentPasted0\">\u00a0DE ALIMENTA\u00c7\u00c3O ESCOLAR (CAE)<\/span><\/strong><\/p>\n<p>&nbsp;<\/p>\n<p><strong>LEI DE CRIA\u00c7\u00c3O N\u00ba 3855 DE 12 DE DEZEMBRO DE 2023.<\/strong><\/p>\n<p><strong>Resolu\u00e7\u00e3o CD\/FNDE n\u00ba 06, de 08 de maio de 2020.<\/strong><br \/><strong>Lei n\u00ba 11.947, de 16 de Junho de 2009<\/strong><\/p>\n<p><em>Gest\u00e3o 2025 \/ 2029<\/em><\/p>\n<p><strong>Composi\u00e7\u00e3o:<\/strong><br \/><strong>MESA DIRETORA<\/strong><\/p>\n<p>Presidente: Gelson Pereira Costa<br \/>Vice Presidente: Patr\u00edcia Nayara Soares Correia<br \/>Secret\u00e1ria executiva: Lis Ane Maria do Amaral<\/p>\n<p><strong>Representantes do Poder Executivo Municipal:<\/strong><br \/>Titular: Leize Maria Costa<br \/>Suplente: Ivone Albertino Rosa<\/p>\n<p><strong>Representantes de Trabalhadores na \u00e1rea da Educa\u00e7\u00e3o:<\/strong><br \/>Titular: Alessandra da Silva Oliveira<br \/>Suplente: Fabiana Coelho da Lu<\/p>\n<p><strong>Representante de Alunos da EJA:<\/strong><br \/>Titular: Rog\u00e9rio de Assis Soares \/ Suplente: Jorge Barbosa Filho<\/p>\n<p><strong>Representantes de Pais\/Respons\u00e1veis de Alunos matriculados na Rede Municipal de Ensino:<\/strong><br \/>a) Titular: Anderson da Silva Ferreira \/ Suplente: Danielle Pereira Souza Gon\u00e7alves<\/p>\n<p>b) Titular: Cl\u00e1udia Pinto Novaes Medeiros \/ Suplente: Luiz Paulo Ferreira Barbosa<\/p>\n<p><strong>Representantes de entidades da Sociedade Civil Organizada:<\/strong><br \/>Titular: Gelson Pereira Costa<br \/>Suplente: Luiz Ot\u00e1vio Ferreira dos Anjos<\/p>\n<p>Titular: Patr\u00edcia Nayara Soares Correia<br \/>Suplente: Cl\u00e1udia Regina de Azevedo Fernandes<\/p>\n<p>&nbsp;<\/p>\n<h3><span style=\"color: #f4792a;\"><strong>Contato<\/strong><\/span><\/h3>\n<p><strong>Secret\u00e1ria Executiva do CAE<\/strong><br \/>Lis Ane Maria do Amaral<\/p>\n<p><span style=\"font-size: 14px;\">Telefone: (21) 2719-6379<\/span><\/p>\n<p>Contato: <span style=\"color: #f4792a;\">cae@educacao.niteroi.rj.gov.br<\/span><\/p>\n<p>&nbsp;<\/p>\n<p>[\/et_pb_text][\/et_pb_column][et_pb_column type=&#8221;1_5&#8243; _builder_version=&#8221;4.8.0&#8243; _module_preset=&#8221;default&#8221;][\/et_pb_column][\/et_pb_row][\/et_pb_section]<\/p>\n","protected":false},"excerpt":{"rendered":"<p>[et_pb_section fb_built=&#8221;1&#8243; fullwidth=&#8221;on&#8221; _builder_version=&#8221;4.8.0&#8243; _module_preset=&#8221;default&#8221;][et_pb_fullwidth_header title=&#8221;Conselhos&#8221; subhead=&#8221;@ET-DC@eyJkeW5hbWljIjp0cnVlLCJjb250ZW50IjoicG9zdF90aXRsZSIsInNldHRpbmdzIjp7ImJlZm9yZSI6IiIsImFmdGVyIjoiIn19@&#8221; text_orientation=&#8221;center&#8221; _builder_version=&#8221;4.8.0&#8243; _dynamic_attributes=&#8221;subhead&#8221; _module_preset=&#8221;default&#8221; title_font=&#8221;|600||on|||||&#8221; title_text_color=&#8221;#3a3a3a&#8221; title_font_size=&#8221;18px&#8221; subhead_font=&#8221;Montserrat|700|||||||&#8221; subhead_text_color=&#8221;#262626&#8243; subhead_font_size=&#8221;30px&#8221; background_color=&#8221;#e8e8e8&#8243; background_layout=&#8221;light&#8221;][\/et_pb_fullwidth_header][\/et_pb_section][et_pb_section fb_built=&#8221;1&#8243; _builder_version=&#8221;4.8.0&#8243; _module_preset=&#8221;default&#8221; custom_padding=&#8221;|||6px||&#8221;][et_pb_row column_structure=&#8221;1_5,3_5,1_5&#8243; _builder_version=&#8221;4.9.6&#8243; _module_preset=&#8221;default&#8221; custom_padding=&#8221;0px||||false|false&#8221;][et_pb_column type=&#8221;1_5&#8243; _builder_version=&#8221;4.8.0&#8243; _module_preset=&#8221;default&#8221;][et_pb_text _builder_version=&#8221;4.9.6&#8243; _module_preset=&#8221;default&#8221; hover_enabled=&#8221;0&#8243; sticky_enabled=&#8221;0&#8243;] ATIVIDADES EDITAL DE CHAMAMENTO P\u00daBLICO PARA ELEI\u00c7\u00c3O DOS MEMBROS DO CONSELHO DE ALIMENTA\u00c7\u00c3O ESCOLAR (CAE) RESULTADO FINAL DA AN\u00c1LISE DAS INSCRI\u00c7\u00d5ES [&hellip;]<\/p>\n","protected":false},"author":7,"featured_media":0,"parent":0,"menu_order":0,"comment_status":"closed","ping_status":"closed","template":"","meta":{"_et_pb_use_builder":"on","_et_pb_old_content":"","_et_gb_content_width":"","footnotes":""},"class_list":["post-288","page","type-page","status-publish","hentry"],"_links":{"self":[{"href":"https:\/\/www.educacao.niteroi.rj.gov.br\/index.php?rest_route=\/wp\/v2\/pages\/288","targetHints":{"allow":["GET"]}}],"collection":[{"href":"https:\/\/www.educacao.niteroi.rj.gov.br\/index.php?rest_route=\/wp\/v2\/pages"}],"about":[{"href":"https:\/\/www.educacao.niteroi.rj.gov.br\/index.php?rest_route=\/wp\/v2\/types\/page"}],"author":[{"embeddable":true,"href":"https:\/\/www.educacao.niteroi.rj.gov.br\/index.php?rest_route=\/wp\/v2\/users\/7"}],"replies":[{"embeddable":true,"href":"https:\/\/www.educacao.niteroi.rj.gov.br\/index.php?rest_route=%2Fwp%2Fv2%2Fcomments&post=288"}],"version-history":[{"count":58,"href":"https:\/\/www.educacao.niteroi.rj.gov.br\/index.php?rest_route=\/wp\/v2\/pages\/288\/revisions"}],"predecessor-version":[{"id":47703,"href":"https:\/\/www.educacao.niteroi.rj.gov.br\/index.php?rest_route=\/wp\/v2\/pages\/288\/revisions\/47703"}],"wp:attachment":[{"href":"https:\/\/www.educacao.niteroi.rj.gov.br\/index.php?rest_route=%2Fwp%2Fv2%2Fmedia&parent=288"}],"curies":[{"name":"wp","href":"https:\/\/api.w.org\/{rel}","templated":true}]}}