{"id":32176,"date":"2021-05-13T19:44:11","date_gmt":"2021-05-13T22:44:11","guid":{"rendered":"https:\/\/educacao.niteroi.rj.gov.br\/?page_id=32176"},"modified":"2022-12-01T16:24:03","modified_gmt":"2022-12-01T19:24:03","slug":"assessoria-juridica","status":"publish","type":"page","link":"https:\/\/www.educacao.niteroi.rj.gov.br\/?page_id=32176","title":{"rendered":"Assessoria Jur\u00eddica"},"content":{"rendered":"<p>[et_pb_section fb_built=&#8221;1&#8243; fullwidth=&#8221;on&#8221; _builder_version=&#8221;4.8.0&#8243; _module_preset=&#8221;default&#8221;][et_pb_fullwidth_header title=&#8221;Assessoria&#8221; subhead=&#8221;Jur\u00eddica&#8221; text_orientation=&#8221;center&#8221; _builder_version=&#8221;4.8.0&#8243; _module_preset=&#8221;default&#8221; title_font=&#8221;|600||on|||||&#8221; title_text_color=&#8221;#3a3a3a&#8221; title_font_size=&#8221;18px&#8221; subhead_font=&#8221;Montserrat|700|||||||&#8221; subhead_text_color=&#8221;#262626&#8243; subhead_font_size=&#8221;30px&#8221; background_color=&#8221;#e8e8e8&#8243; background_layout=&#8221;light&#8221;][\/et_pb_fullwidth_header][\/et_pb_section][et_pb_section fb_built=&#8221;1&#8243; _builder_version=&#8221;4.8.0&#8243; _module_preset=&#8221;default&#8221;][et_pb_row column_structure=&#8221;1_5,3_5,1_5&#8243; _builder_version=&#8221;4.8.0&#8243; _module_preset=&#8221;default&#8221; custom_padding=&#8221;0px||||false|false&#8221;][et_pb_column type=&#8221;1_5&#8243; _builder_version=&#8221;4.8.0&#8243; _module_preset=&#8221;default&#8221;][\/et_pb_column][et_pb_column type=&#8221;3_5&#8243; _builder_version=&#8221;4.8.0&#8243; _module_preset=&#8221;default&#8221;][et_pb_text _builder_version=&#8221;4.8.0&#8243; _module_preset=&#8221;default&#8221;]<\/p>\n<p><span style=\"font-size: 14px; line-height: 1.7em;\">Assessoria Jur\u00eddica\u00a0\u00e9 \u00f3rg\u00e3o t\u00e9cnico da SME e suas manifesta\u00e7\u00f5es de ordem jur\u00eddica s\u00e3o norteadas pelo posicionamento definitivo da Procuradoria Geral do Munic\u00edpio de Niter\u00f3i. Faz parte da atribui\u00e7\u00e3o: assistir ao Secret\u00e1rio e Subsecret\u00e1rios no encaminhamento de mat\u00e9rias e quest\u00f5es que envolvam aspectos jur\u00eddicos e legais;\u00a0<\/span><span style=\"font-size: 14px; line-height: 1.7em;\">Examinar e elaborar proposi\u00e7\u00f5es de atos legais, regulamentares e administrativos, de natureza vinculada a\u0300 atividade final\u00edstica da SME;\u00a0Preparar respostas t\u00e9cnicas a pleitos de natureza vinculada a\u0300 atividade final\u00edstica. Al\u00e9m disso, colaborar na execu\u00e7\u00e3o de propostas de editais de licita\u00e7\u00e3o, contratos, conv\u00eanios, de Ajustes e de protocolos em geral, a serem submetidas a posterior an\u00e1lise da Procuradoria Geral do Munic\u00edpio de Niter\u00f3i.<\/span><\/p>\n<p>&nbsp;<\/p>\n<p>[\/et_pb_text][\/et_pb_column][et_pb_column type=&#8221;1_5&#8243; _builder_version=&#8221;4.8.0&#8243; _module_preset=&#8221;default&#8221;][\/et_pb_column][\/et_pb_row][\/et_pb_section]<\/p>\n","protected":false},"excerpt":{"rendered":"<p>[et_pb_section fb_built=&#8221;1&#8243; fullwidth=&#8221;on&#8221; _builder_version=&#8221;4.8.0&#8243; _module_preset=&#8221;default&#8221;][et_pb_fullwidth_header title=&#8221;Assessoria&#8221; subhead=&#8221;Jur\u00eddica&#8221; text_orientation=&#8221;center&#8221; _builder_version=&#8221;4.8.0&#8243; _module_preset=&#8221;default&#8221; title_font=&#8221;|600||on|||||&#8221; title_text_color=&#8221;#3a3a3a&#8221; title_font_size=&#8221;18px&#8221; subhead_font=&#8221;Montserrat|700|||||||&#8221; subhead_text_color=&#8221;#262626&#8243; subhead_font_size=&#8221;30px&#8221; background_color=&#8221;#e8e8e8&#8243; background_layout=&#8221;light&#8221;][\/et_pb_fullwidth_header][\/et_pb_section][et_pb_section fb_built=&#8221;1&#8243; _builder_version=&#8221;4.8.0&#8243; _module_preset=&#8221;default&#8221;][et_pb_row column_structure=&#8221;1_5,3_5,1_5&#8243; _builder_version=&#8221;4.8.0&#8243; _module_preset=&#8221;default&#8221; custom_padding=&#8221;0px||||false|false&#8221;][et_pb_column type=&#8221;1_5&#8243; _builder_version=&#8221;4.8.0&#8243; _module_preset=&#8221;default&#8221;][\/et_pb_column][et_pb_column type=&#8221;3_5&#8243; _builder_version=&#8221;4.8.0&#8243; _module_preset=&#8221;default&#8221;][et_pb_text _builder_version=&#8221;4.8.0&#8243; _module_preset=&#8221;default&#8221;] Assessoria Jur\u00eddica\u00a0\u00e9 \u00f3rg\u00e3o t\u00e9cnico da SME e suas manifesta\u00e7\u00f5es de ordem jur\u00eddica s\u00e3o norteadas pelo posicionamento definitivo da Procuradoria Geral do Munic\u00edpio [&hellip;]<\/p>\n","protected":false},"author":7,"featured_media":0,"parent":252,"menu_order":0,"comment_status":"closed","ping_status":"closed","template":"","meta":{"_et_pb_use_builder":"on","_et_pb_old_content":"","_et_gb_content_width":"","footnotes":""},"class_list":["post-32176","page","type-page","status-publish","hentry"],"_links":{"self":[{"href":"https:\/\/www.educacao.niteroi.rj.gov.br\/index.php?rest_route=\/wp\/v2\/pages\/32176","targetHints":{"allow":["GET"]}}],"collection":[{"href":"https:\/\/www.educacao.niteroi.rj.gov.br\/index.php?rest_route=\/wp\/v2\/pages"}],"about":[{"href":"https:\/\/www.educacao.niteroi.rj.gov.br\/index.php?rest_route=\/wp\/v2\/types\/page"}],"author":[{"embeddable":true,"href":"https:\/\/www.educacao.niteroi.rj.gov.br\/index.php?rest_route=\/wp\/v2\/users\/7"}],"replies":[{"embeddable":true,"href":"https:\/\/www.educacao.niteroi.rj.gov.br\/index.php?rest_route=%2Fwp%2Fv2%2Fcomments&post=32176"}],"version-history":[{"count":6,"href":"https:\/\/www.educacao.niteroi.rj.gov.br\/index.php?rest_route=\/wp\/v2\/pages\/32176\/revisions"}],"predecessor-version":[{"id":38477,"href":"https:\/\/www.educacao.niteroi.rj.gov.br\/index.php?rest_route=\/wp\/v2\/pages\/32176\/revisions\/38477"}],"up":[{"embeddable":true,"href":"https:\/\/www.educacao.niteroi.rj.gov.br\/index.php?rest_route=\/wp\/v2\/pages\/252"}],"wp:attachment":[{"href":"https:\/\/www.educacao.niteroi.rj.gov.br\/index.php?rest_route=%2Fwp%2Fv2%2Fmedia&parent=32176"}],"curies":[{"name":"wp","href":"https:\/\/api.w.org\/{rel}","templated":true}]}}