{"id":34055,"date":"2021-06-18T13:59:17","date_gmt":"2021-06-18T16:59:17","guid":{"rendered":"https:\/\/educacao.niteroi.rj.gov.br\/?page_id=34055"},"modified":"2026-02-05T17:12:23","modified_gmt":"2026-02-05T20:12:23","slug":"presidencia-2","status":"publish","type":"page","link":"https:\/\/www.educacao.niteroi.rj.gov.br\/?page_id=34055","title":{"rendered":"Presid\u00eancia"},"content":{"rendered":"<p>[et_pb_section fb_built=&#8221;1&#8243; fullwidth=&#8221;on&#8221; _builder_version=&#8221;4.8.0&#8243; _module_preset=&#8221;default&#8221;][et_pb_fullwidth_header title=&#8221;FME&#8221; subhead=&#8221;Presid\u00eancia&#8221; text_orientation=&#8221;center&#8221; _builder_version=&#8221;4.9.6&#8243; _module_preset=&#8221;default&#8221; title_font=&#8221;|600||on|||||&#8221; title_text_color=&#8221;#3a3a3a&#8221; title_font_size=&#8221;18px&#8221; subhead_font=&#8221;Montserrat|700|||||||&#8221; subhead_text_color=&#8221;#262626&#8243; subhead_font_size=&#8221;30px&#8221; background_color=&#8221;#e8e8e8&#8243; background_layout=&#8221;light&#8221;][\/et_pb_fullwidth_header][\/et_pb_section][et_pb_section fb_built=&#8221;1&#8243; _builder_version=&#8221;4.8.0&#8243; _module_preset=&#8221;default&#8221;][et_pb_row _builder_version=&#8221;4.8.0&#8243; _module_preset=&#8221;default&#8221; custom_padding=&#8221;0px||||false|false&#8221;][et_pb_column type=&#8221;4_4&#8243; _builder_version=&#8221;4.8.0&#8243; _module_preset=&#8221;default&#8221;][et_pb_text _builder_version=&#8221;4.9.6&#8243; _module_preset=&#8221;default&#8221;]<\/p>\n<p><strong><img loading=\"lazy\" decoding=\"async\" class=\"wp-image-47639 size-medium alignleft\" src=\"https:\/\/www.educacao.niteroi.rj.gov.br\/wp-content\/uploads\/2026\/02\/andrea_bello-231x300.jpeg\" alt=\"\" width=\"231\" height=\"300\" \/><\/strong><\/p>\n<p><strong>Contato: <a href=\"mailto:presidenciafme@educacao.niteroi.rj.gov.br\">presidenciafme@educacao.niteroi.rj.gov.br<\/a><\/strong><\/p>\n<p><strong>Andrea Bello<\/strong><\/p>\n<p><em>Presidente da Funda\u00e7\u00e3o Municipal de Educa\u00e7\u00e3o<\/em><\/p>\n<p>Andrea Bello \u00e9 servidora p\u00fablica h\u00e1 30 anos, com experi\u00eancia de gest\u00e3o em diversos \u00f3rg\u00e3os, historiadora com p\u00f3s-gradua\u00e7\u00e3o e mestrado em Administra\u00e7\u00e3o P\u00fablica pela EBAPE\/FGV, Doutora em Pol\u00edtica Social pelo Programa de Estudos P\u00f3s-Graduados em Pol\u00edtica Social da UFF e est\u00e1gio p\u00f3s-doutoral em Ci\u00eancias Sociais no CPDOC\/FGV. Atuou como diretora escolar durante 10 anos em Ciep e \u00e9 professora concursada da Educa\u00e7\u00e3o de Niter\u00f3i.<\/p>\n<p>&nbsp;<\/p>\n<p>&nbsp;<\/p>\n<p>[\/et_pb_text][\/et_pb_column][\/et_pb_row][\/et_pb_section]<\/p>\n","protected":false},"excerpt":{"rendered":"<p>[et_pb_section fb_built=&#8221;1&#8243; fullwidth=&#8221;on&#8221; _builder_version=&#8221;4.8.0&#8243; _module_preset=&#8221;default&#8221;][et_pb_fullwidth_header title=&#8221;FME&#8221; subhead=&#8221;Presid\u00eancia&#8221; text_orientation=&#8221;center&#8221; _builder_version=&#8221;4.9.6&#8243; _module_preset=&#8221;default&#8221; title_font=&#8221;|600||on|||||&#8221; title_text_color=&#8221;#3a3a3a&#8221; title_font_size=&#8221;18px&#8221; subhead_font=&#8221;Montserrat|700|||||||&#8221; subhead_text_color=&#8221;#262626&#8243; subhead_font_size=&#8221;30px&#8221; background_color=&#8221;#e8e8e8&#8243; background_layout=&#8221;light&#8221;][\/et_pb_fullwidth_header][\/et_pb_section][et_pb_section fb_built=&#8221;1&#8243; _builder_version=&#8221;4.8.0&#8243; _module_preset=&#8221;default&#8221;][et_pb_row _builder_version=&#8221;4.8.0&#8243; _module_preset=&#8221;default&#8221; custom_padding=&#8221;0px||||false|false&#8221;][et_pb_column type=&#8221;4_4&#8243; _builder_version=&#8221;4.8.0&#8243; _module_preset=&#8221;default&#8221;][et_pb_text _builder_version=&#8221;4.9.6&#8243; _module_preset=&#8221;default&#8221;] Contato: presidenciafme@educacao.niteroi.rj.gov.br Andrea Bello Presidente da Funda\u00e7\u00e3o Municipal de Educa\u00e7\u00e3o Andrea Bello \u00e9 servidora p\u00fablica h\u00e1 30 anos, com experi\u00eancia de gest\u00e3o em diversos \u00f3rg\u00e3os, historiadora [&hellip;]<\/p>\n","protected":false},"author":7,"featured_media":0,"parent":0,"menu_order":0,"comment_status":"closed","ping_status":"closed","template":"","meta":{"_et_pb_use_builder":"on","_et_pb_old_content":"","_et_gb_content_width":"","footnotes":""},"class_list":["post-34055","page","type-page","status-publish","hentry"],"_links":{"self":[{"href":"https:\/\/www.educacao.niteroi.rj.gov.br\/index.php?rest_route=\/wp\/v2\/pages\/34055","targetHints":{"allow":["GET"]}}],"collection":[{"href":"https:\/\/www.educacao.niteroi.rj.gov.br\/index.php?rest_route=\/wp\/v2\/pages"}],"about":[{"href":"https:\/\/www.educacao.niteroi.rj.gov.br\/index.php?rest_route=\/wp\/v2\/types\/page"}],"author":[{"embeddable":true,"href":"https:\/\/www.educacao.niteroi.rj.gov.br\/index.php?rest_route=\/wp\/v2\/users\/7"}],"replies":[{"embeddable":true,"href":"https:\/\/www.educacao.niteroi.rj.gov.br\/index.php?rest_route=%2Fwp%2Fv2%2Fcomments&post=34055"}],"version-history":[{"count":16,"href":"https:\/\/www.educacao.niteroi.rj.gov.br\/index.php?rest_route=\/wp\/v2\/pages\/34055\/revisions"}],"predecessor-version":[{"id":47650,"href":"https:\/\/www.educacao.niteroi.rj.gov.br\/index.php?rest_route=\/wp\/v2\/pages\/34055\/revisions\/47650"}],"wp:attachment":[{"href":"https:\/\/www.educacao.niteroi.rj.gov.br\/index.php?rest_route=%2Fwp%2Fv2%2Fmedia&parent=34055"}],"curies":[{"name":"wp","href":"https:\/\/api.w.org\/{rel}","templated":true}]}}