{"id":39431,"date":"2022-05-27T09:13:37","date_gmt":"2022-05-27T12:13:37","guid":{"rendered":"https:\/\/educacao.niteroi.rj.gov.br\/?page_id=39431"},"modified":"2025-03-31T10:10:37","modified_gmt":"2025-03-31T13:10:37","slug":"desenvolvimento-educacional","status":"publish","type":"page","link":"https:\/\/www.educacao.niteroi.rj.gov.br\/?page_id=39431","title":{"rendered":"Desenvolvimento Educacional"},"content":{"rendered":"<p>[et_pb_section fb_built=&#8221;1&#8243; fullwidth=&#8221;on&#8221; _builder_version=&#8221;4.8.0&#8243; _module_preset=&#8221;default&#8221;][et_pb_fullwidth_header title=&#8221;Subsecretarias&#8221; subhead=&#8221;@ET-DC@eyJkeW5hbWljIjp0cnVlLCJjb250ZW50IjoicG9zdF90aXRsZSIsInNldHRpbmdzIjp7ImJlZm9yZSI6IiIsImFmdGVyIjoiIn19@&#8221; text_orientation=&#8221;center&#8221; _builder_version=&#8221;4.8.0&#8243; _dynamic_attributes=&#8221;subhead&#8221; _module_preset=&#8221;default&#8221; title_font=&#8221;|600||on|||||&#8221; title_text_color=&#8221;#3a3a3a&#8221; title_font_size=&#8221;18px&#8221; subhead_font=&#8221;Montserrat|700|||||||&#8221; subhead_text_color=&#8221;#262626&#8243; subhead_font_size=&#8221;30px&#8221; subhead_line_height=&#8221;1.3em&#8221; background_color=&#8221;#e8e8e8&#8243; background_layout=&#8221;light&#8221; custom_padding=&#8221;25px||20px||false|false&#8221;][\/et_pb_fullwidth_header][\/et_pb_section][et_pb_section fb_built=&#8221;1&#8243; _builder_version=&#8221;4.8.0&#8243; _module_preset=&#8221;default&#8221;][et_pb_row column_structure=&#8221;1_3,2_3&#8243; _builder_version=&#8221;4.8.0&#8243; _module_preset=&#8221;default&#8221; custom_padding=&#8221;0px||||false|false&#8221;][et_pb_column type=&#8221;1_3&#8243; _builder_version=&#8221;4.8.0&#8243; _module_preset=&#8221;default&#8221;][\/et_pb_column][et_pb_column type=&#8221;2_3&#8243; _builder_version=&#8221;4.8.0&#8243; _module_preset=&#8221;default&#8221;][et_pb_text _builder_version=&#8221;4.9.6&#8243; _module_preset=&#8221;default&#8221; custom_margin=&#8221;|||0px|false|false&#8221; hover_enabled=&#8221;0&#8243; sticky_enabled=&#8221;0&#8243;]<\/p>\n<p><strong><img loading=\"lazy\" decoding=\"async\" class=\"wp-image-45797  alignleft\" src=\"https:\/\/www.educacao.niteroi.rj.gov.br\/wp-content\/uploads\/2025\/03\/WhatsApp-Image-2025-03-28-at-16.38.40-200x300.jpeg\" alt=\"\" width=\"145\" height=\"218\" \/>Contato: <a href=\"mailto:subsecpedagogica@educacao.niteroi.rj.gov.br\">subsecpedagogica@educacao.niteroi.rj.gov.br<\/a><\/strong><\/p>\n<p data-pm-slice=\"1 1 []\"><strong>Armando Arosa<\/strong><\/p>\n<p data-pm-slice=\"1 1 []\"><em>Subsecret\u00e1rio de Desenvolvimento Educacional<span style=\"font-size: 14px;\">\u00a0<\/span><\/em><\/p>\n<p data-pm-slice=\"1 1 []\">Armando Arosa \u00e9 Professor do Departamento de Administra\u00e7\u00e3o Educacional da Faculdade de Educa\u00e7\u00e3o da Universidade Federal do Rio de Janeiro &#8211; UFRJ; com Licenciatura em Letras, Licenciatura em Pedagogia, Doutorado em Educa\u00e7\u00e3o, pela Universidade Federal do Rio de Janeiro &#8211; UFRJ; mestrado em Educa\u00e7\u00e3o, pela Universidade Federal Fluminense. Com experi\u00eancia em Gest\u00e3o e Pol\u00edtica Educacional, Sistemas Educacionais e Epistemologia de Pol\u00edticas Educacionais. Autor dos livros Pol\u00edtica e Administra\u00e7\u00e3o Educacional em Fernando de Azevedo (2019), A pesquisa sobre pol\u00edtica educacional no Brasil (2019) e um dos organizadores dos livros A organiza\u00e7\u00e3o escolar em ciclos na rede municipal de Niteroi (2010); Educa\u00e7\u00e3o em Niteroi: pol\u00edtica e produ\u00e7\u00e3o de conhecimento (2018); As pol\u00edticas Educacionais e seus desdobramentos nos Munic\u00edpios ( 2023).<\/p>\n<p>&nbsp;<\/p>\n<p>[\/et_pb_text][\/et_pb_column][\/et_pb_row][\/et_pb_section]<\/p>\n","protected":false},"excerpt":{"rendered":"<p>[et_pb_section fb_built=&#8221;1&#8243; fullwidth=&#8221;on&#8221; _builder_version=&#8221;4.8.0&#8243; _module_preset=&#8221;default&#8221;][et_pb_fullwidth_header title=&#8221;Subsecretarias&#8221; subhead=&#8221;@ET-DC@eyJkeW5hbWljIjp0cnVlLCJjb250ZW50IjoicG9zdF90aXRsZSIsInNldHRpbmdzIjp7ImJlZm9yZSI6IiIsImFmdGVyIjoiIn19@&#8221; text_orientation=&#8221;center&#8221; _builder_version=&#8221;4.8.0&#8243; _dynamic_attributes=&#8221;subhead&#8221; _module_preset=&#8221;default&#8221; title_font=&#8221;|600||on|||||&#8221; title_text_color=&#8221;#3a3a3a&#8221; title_font_size=&#8221;18px&#8221; subhead_font=&#8221;Montserrat|700|||||||&#8221; subhead_text_color=&#8221;#262626&#8243; subhead_font_size=&#8221;30px&#8221; subhead_line_height=&#8221;1.3em&#8221; background_color=&#8221;#e8e8e8&#8243; background_layout=&#8221;light&#8221; custom_padding=&#8221;25px||20px||false|false&#8221;][\/et_pb_fullwidth_header][\/et_pb_section][et_pb_section fb_built=&#8221;1&#8243; _builder_version=&#8221;4.8.0&#8243; _module_preset=&#8221;default&#8221;][et_pb_row column_structure=&#8221;1_3,2_3&#8243; _builder_version=&#8221;4.8.0&#8243; _module_preset=&#8221;default&#8221; custom_padding=&#8221;0px||||false|false&#8221;][et_pb_column type=&#8221;1_3&#8243; _builder_version=&#8221;4.8.0&#8243; _module_preset=&#8221;default&#8221;][\/et_pb_column][et_pb_column type=&#8221;2_3&#8243; _builder_version=&#8221;4.8.0&#8243; _module_preset=&#8221;default&#8221;][et_pb_text _builder_version=&#8221;4.9.6&#8243; _module_preset=&#8221;default&#8221; custom_margin=&#8221;|||0px|false|false&#8221; hover_enabled=&#8221;0&#8243; sticky_enabled=&#8221;0&#8243;] Contato: subsecpedagogica@educacao.niteroi.rj.gov.br Armando Arosa Subsecret\u00e1rio de Desenvolvimento Educacional\u00a0 Armando Arosa \u00e9 Professor do Departamento de Administra\u00e7\u00e3o [&hellip;]<\/p>\n","protected":false},"author":7,"featured_media":0,"parent":268,"menu_order":0,"comment_status":"closed","ping_status":"closed","template":"","meta":{"_et_pb_use_builder":"on","_et_pb_old_content":"","_et_gb_content_width":"","footnotes":""},"class_list":["post-39431","page","type-page","status-publish","hentry"],"_links":{"self":[{"href":"https:\/\/www.educacao.niteroi.rj.gov.br\/index.php?rest_route=\/wp\/v2\/pages\/39431","targetHints":{"allow":["GET"]}}],"collection":[{"href":"https:\/\/www.educacao.niteroi.rj.gov.br\/index.php?rest_route=\/wp\/v2\/pages"}],"about":[{"href":"https:\/\/www.educacao.niteroi.rj.gov.br\/index.php?rest_route=\/wp\/v2\/types\/page"}],"author":[{"embeddable":true,"href":"https:\/\/www.educacao.niteroi.rj.gov.br\/index.php?rest_route=\/wp\/v2\/users\/7"}],"replies":[{"embeddable":true,"href":"https:\/\/www.educacao.niteroi.rj.gov.br\/index.php?rest_route=%2Fwp%2Fv2%2Fcomments&post=39431"}],"version-history":[{"count":17,"href":"https:\/\/www.educacao.niteroi.rj.gov.br\/index.php?rest_route=\/wp\/v2\/pages\/39431\/revisions"}],"predecessor-version":[{"id":45799,"href":"https:\/\/www.educacao.niteroi.rj.gov.br\/index.php?rest_route=\/wp\/v2\/pages\/39431\/revisions\/45799"}],"up":[{"embeddable":true,"href":"https:\/\/www.educacao.niteroi.rj.gov.br\/index.php?rest_route=\/wp\/v2\/pages\/268"}],"wp:attachment":[{"href":"https:\/\/www.educacao.niteroi.rj.gov.br\/index.php?rest_route=%2Fwp%2Fv2%2Fmedia&parent=39431"}],"curies":[{"name":"wp","href":"https:\/\/api.w.org\/{rel}","templated":true}]}}