{"id":39439,"date":"2022-05-30T13:49:52","date_gmt":"2022-05-30T16:49:52","guid":{"rendered":"https:\/\/educacao.niteroi.rj.gov.br\/?page_id=39439"},"modified":"2025-04-08T13:41:21","modified_gmt":"2025-04-08T16:41:21","slug":"planejamento-e-gestao","status":"publish","type":"page","link":"https:\/\/www.educacao.niteroi.rj.gov.br\/?page_id=39439","title":{"rendered":"Gest\u00e3o Escolar e Integra\u00e7\u00e3o da Rede"},"content":{"rendered":"<p>[et_pb_section fb_built=&#8221;1&#8243; fullwidth=&#8221;on&#8221; _builder_version=&#8221;4.8.0&#8243; _module_preset=&#8221;default&#8221;][et_pb_fullwidth_header title=&#8221;Subsecretarias&#8221; subhead=&#8221;@ET-DC@eyJkeW5hbWljIjp0cnVlLCJjb250ZW50IjoicG9zdF90aXRsZSIsInNldHRpbmdzIjp7ImJlZm9yZSI6IiIsImFmdGVyIjoiIn19@&#8221; text_orientation=&#8221;center&#8221; _builder_version=&#8221;4.8.0&#8243; _dynamic_attributes=&#8221;subhead&#8221; _module_preset=&#8221;default&#8221; title_font=&#8221;|600||on|||||&#8221; title_text_color=&#8221;#3a3a3a&#8221; title_font_size=&#8221;18px&#8221; subhead_font=&#8221;Montserrat|700|||||||&#8221; subhead_text_color=&#8221;#262626&#8243; subhead_font_size=&#8221;30px&#8221; subhead_line_height=&#8221;1.3em&#8221; background_color=&#8221;#e8e8e8&#8243; background_layout=&#8221;light&#8221; custom_padding=&#8221;25px||20px||false|false&#8221;][\/et_pb_fullwidth_header][\/et_pb_section][et_pb_section fb_built=&#8221;1&#8243; _builder_version=&#8221;4.9.6&#8243; _module_preset=&#8221;default&#8221;][et_pb_row _builder_version=&#8221;4.9.6&#8243; _module_preset=&#8221;default&#8221; custom_padding=&#8221;0px||||false|false&#8221; collapsed=&#8221;off&#8221;][et_pb_column type=&#8221;4_4&#8243; _builder_version=&#8221;4.9.6&#8243; _module_preset=&#8221;default&#8221;][et_pb_text _builder_version=&#8221;4.9.6&#8243; _module_preset=&#8221;default&#8221; width=&#8221;100%&#8221; custom_margin=&#8221;|-184px|-4px|0px|false|false&#8221; custom_padding=&#8221;|0px||0px||&#8221;]<\/p>\n<p><strong><img loading=\"lazy\" decoding=\"async\" class=\"wp-image-45945 size-medium alignleft\" src=\"https:\/\/www.educacao.niteroi.rj.gov.br\/wp-content\/uploads\/2025\/04\/HI3A2038-1-225x300.jpg\" alt=\"\" width=\"188\" height=\"251\" \/><\/strong><\/p>\n<p><strong>Contato: <\/strong><strong><a href=\"mailto:sspca@educacao.niteroi.rj.gov.br\">subgestaoescolar@educacao.niteroi.rj.gov.br<\/a><\/strong><\/p>\n<p data-pm-slice=\"1 1 []\"><strong>Mariana Oliveira<\/strong><\/p>\n<p data-pm-slice=\"1 1 []\"><em>Subsecret\u00e1ria de Gest\u00e3o Escolar e Integra\u00e7\u00e3o da Rede<\/em><\/p>\n<p data-pm-slice=\"1 1 []\">Mariana Oliveira possui gradua\u00e7\u00e3o em Letras pela Universidade Federal Fluminense (2002) e mestrado em Letras pela Universidade Federal Fluminense (2007), al\u00e9m de especializa\u00e7\u00e3o em educa\u00e7\u00e3o e novas tecnologias pela Uni LaSalle (2012), doutoranda em estudos de linguagem pela Universidade Federal Fluminense. Foi Coordenadora do Acompanhamento Pedag\u00f3gico (Subsecretaria de Desenvolvimento. Educacional). Atuou como coordenadora de Ensino na Funda\u00e7\u00e3o Municipal de Ensino da Prefeitura de Niter\u00f3i no per\u00edodo de 2007 a 2009, tendo participado, neste per\u00edodo, da elabora\u00e7\u00e3o das Diretrizes de Ensino do Munic\u00edpio de Niter\u00f3i.<\/p>\n<p>[\/et_pb_text][\/et_pb_column][\/et_pb_row][\/et_pb_section]<\/p>\n","protected":false},"excerpt":{"rendered":"<p>[et_pb_section fb_built=&#8221;1&#8243; fullwidth=&#8221;on&#8221; _builder_version=&#8221;4.8.0&#8243; _module_preset=&#8221;default&#8221;][et_pb_fullwidth_header title=&#8221;Subsecretarias&#8221; subhead=&#8221;@ET-DC@eyJkeW5hbWljIjp0cnVlLCJjb250ZW50IjoicG9zdF90aXRsZSIsInNldHRpbmdzIjp7ImJlZm9yZSI6IiIsImFmdGVyIjoiIn19@&#8221; text_orientation=&#8221;center&#8221; _builder_version=&#8221;4.8.0&#8243; _dynamic_attributes=&#8221;subhead&#8221; _module_preset=&#8221;default&#8221; title_font=&#8221;|600||on|||||&#8221; title_text_color=&#8221;#3a3a3a&#8221; title_font_size=&#8221;18px&#8221; subhead_font=&#8221;Montserrat|700|||||||&#8221; subhead_text_color=&#8221;#262626&#8243; subhead_font_size=&#8221;30px&#8221; subhead_line_height=&#8221;1.3em&#8221; background_color=&#8221;#e8e8e8&#8243; background_layout=&#8221;light&#8221; custom_padding=&#8221;25px||20px||false|false&#8221;][\/et_pb_fullwidth_header][\/et_pb_section][et_pb_section fb_built=&#8221;1&#8243; _builder_version=&#8221;4.9.6&#8243; _module_preset=&#8221;default&#8221;][et_pb_row _builder_version=&#8221;4.9.6&#8243; _module_preset=&#8221;default&#8221; custom_padding=&#8221;0px||||false|false&#8221; collapsed=&#8221;off&#8221;][et_pb_column type=&#8221;4_4&#8243; _builder_version=&#8221;4.9.6&#8243; _module_preset=&#8221;default&#8221;][et_pb_text _builder_version=&#8221;4.9.6&#8243; _module_preset=&#8221;default&#8221; width=&#8221;100%&#8221; custom_margin=&#8221;|-184px|-4px|0px|false|false&#8221; custom_padding=&#8221;|0px||0px||&#8221;] Contato: subgestaoescolar@educacao.niteroi.rj.gov.br Mariana Oliveira Subsecret\u00e1ria de Gest\u00e3o Escolar e Integra\u00e7\u00e3o da Rede Mariana Oliveira possui gradua\u00e7\u00e3o em Letras pela [&hellip;]<\/p>\n","protected":false},"author":7,"featured_media":0,"parent":268,"menu_order":0,"comment_status":"closed","ping_status":"closed","template":"","meta":{"_et_pb_use_builder":"on","_et_pb_old_content":"","_et_gb_content_width":"","footnotes":""},"class_list":["post-39439","page","type-page","status-publish","hentry"],"_links":{"self":[{"href":"https:\/\/www.educacao.niteroi.rj.gov.br\/index.php?rest_route=\/wp\/v2\/pages\/39439","targetHints":{"allow":["GET"]}}],"collection":[{"href":"https:\/\/www.educacao.niteroi.rj.gov.br\/index.php?rest_route=\/wp\/v2\/pages"}],"about":[{"href":"https:\/\/www.educacao.niteroi.rj.gov.br\/index.php?rest_route=\/wp\/v2\/types\/page"}],"author":[{"embeddable":true,"href":"https:\/\/www.educacao.niteroi.rj.gov.br\/index.php?rest_route=\/wp\/v2\/users\/7"}],"replies":[{"embeddable":true,"href":"https:\/\/www.educacao.niteroi.rj.gov.br\/index.php?rest_route=%2Fwp%2Fv2%2Fcomments&post=39439"}],"version-history":[{"count":21,"href":"https:\/\/www.educacao.niteroi.rj.gov.br\/index.php?rest_route=\/wp\/v2\/pages\/39439\/revisions"}],"predecessor-version":[{"id":45954,"href":"https:\/\/www.educacao.niteroi.rj.gov.br\/index.php?rest_route=\/wp\/v2\/pages\/39439\/revisions\/45954"}],"up":[{"embeddable":true,"href":"https:\/\/www.educacao.niteroi.rj.gov.br\/index.php?rest_route=\/wp\/v2\/pages\/268"}],"wp:attachment":[{"href":"https:\/\/www.educacao.niteroi.rj.gov.br\/index.php?rest_route=%2Fwp%2Fv2%2Fmedia&parent=39439"}],"curies":[{"name":"wp","href":"https:\/\/api.w.org\/{rel}","templated":true}]}}