{"id":40213,"date":"2022-09-08T15:22:18","date_gmt":"2022-09-08T18:22:18","guid":{"rendered":"https:\/\/educacao.niteroi.rj.gov.br\/?page_id=40213"},"modified":"2024-05-10T09:58:01","modified_gmt":"2024-05-10T12:58:01","slug":"boletimdoservidor","status":"publish","type":"page","link":"https:\/\/www.educacao.niteroi.rj.gov.br\/?page_id=40213","title":{"rendered":"Portal do Servidor"},"content":{"rendered":"<pre style=\"text-align: center;\"><\/pre>\n<table style=\"height: 215px; width: 100%; border-collapse: collapse; border-color: #ffffff; background-color: #ffffff;\" border=\"0\" cellspacing=\"1\">\n<tbody>\n<tr style=\"height: 123px;\">\n<td style=\"width: 33.3333%; text-align: center; height: 58px;\"><a title=\"Portal Educacional\" href=\"http:\/\/portal.educacao.niteroi.rj.gov.br\/\"><strong>Portal Educacional<\/strong><\/a><a href=\"http:\/\/portal.educacao.niteroi.rj.gov.br\/\"><img loading=\"lazy\" decoding=\"async\" class=\"aligncenter wp-image-40184\" src=\"https:\/\/educacao.niteroi.rj.gov.br\/wp-content\/uploads\/2022\/09\/Educcacao.jpg\" alt=\"\" width=\"57\" height=\"53\" srcset=\"https:\/\/www.educacao.niteroi.rj.gov.br\/wp-content\/uploads\/2022\/09\/Educcacao.jpg 84w, https:\/\/www.educacao.niteroi.rj.gov.br\/wp-content\/uploads\/2022\/09\/Educcacao-24x22.jpg 24w, https:\/\/www.educacao.niteroi.rj.gov.br\/wp-content\/uploads\/2022\/09\/Educcacao-36x33.jpg 36w, https:\/\/www.educacao.niteroi.rj.gov.br\/wp-content\/uploads\/2022\/09\/Educcacao-48x45.jpg 48w\" sizes=\"auto, (max-width: 57px) 100vw, 57px\" \/><\/a><\/td>\n<td style=\"width: 33.3333%; text-align: center; height: 58px;\"><a title=\"Di\u00e1rio Oficial\" href=\"http:\/\/www.niteroi.rj.gov.br\/do.html\"><strong>Di\u00e1rio Oficial<\/strong><\/a><a href=\"http:\/\/www.niteroi.rj.gov.br\/do.html\"><img loading=\"lazy\" decoding=\"async\" class=\"aligncenter wp-image-40183\" src=\"https:\/\/educacao.niteroi.rj.gov.br\/wp-content\/uploads\/2022\/09\/DO.jpg\" alt=\"\" width=\"61\" height=\"55\" srcset=\"https:\/\/www.educacao.niteroi.rj.gov.br\/wp-content\/uploads\/2022\/09\/DO.jpg 85w, https:\/\/www.educacao.niteroi.rj.gov.br\/wp-content\/uploads\/2022\/09\/DO-24x21.jpg 24w, https:\/\/www.educacao.niteroi.rj.gov.br\/wp-content\/uploads\/2022\/09\/DO-36x32.jpg 36w, https:\/\/www.educacao.niteroi.rj.gov.br\/wp-content\/uploads\/2022\/09\/DO-48x43.jpg 48w\" sizes=\"auto, (max-width: 61px) 100vw, 61px\" \/><\/a><\/td>\n<td style=\"width: 33.3333%; text-align: center; height: 58px;\"><a title=\"Fale Conosco\" href=\"https:\/\/educacao.niteroi.rj.gov.br\/fale-conosco\/\"><strong>Fale Conosco<\/strong><\/a><a href=\"https:\/\/educacao.niteroi.rj.gov.br\/fale-conosco\/\"><img loading=\"lazy\" decoding=\"async\" class=\"aligncenter wp-image-40185\" src=\"https:\/\/educacao.niteroi.rj.gov.br\/wp-content\/uploads\/2022\/09\/Faleconosco.jpg\" alt=\"\" width=\"60\" height=\"61\" srcset=\"https:\/\/www.educacao.niteroi.rj.gov.br\/wp-content\/uploads\/2022\/09\/Faleconosco.jpg 80w, https:\/\/www.educacao.niteroi.rj.gov.br\/wp-content\/uploads\/2022\/09\/Faleconosco-24x24.jpg 24w, https:\/\/www.educacao.niteroi.rj.gov.br\/wp-content\/uploads\/2022\/09\/Faleconosco-36x36.jpg 36w, https:\/\/www.educacao.niteroi.rj.gov.br\/wp-content\/uploads\/2022\/09\/Faleconosco-48x48.jpg 48w\" sizes=\"auto, (max-width: 60px) 100vw, 60px\" \/><\/a><\/td>\n<\/tr>\n<tr style=\"height: 117px;\">\n<td style=\"width: 33.3333%; text-align: center; height: 75px;\"><a title=\"Matr\u00edculas\" href=\"https:\/\/matricula.niteroieduca.com.br\/\"><strong>Matr\u00edculas<\/strong><\/a><a href=\"https:\/\/matricula.niteroieduca.com.br\/\"><img loading=\"lazy\" decoding=\"async\" class=\"aligncenter wp-image-40186\" src=\"https:\/\/educacao.niteroi.rj.gov.br\/wp-content\/uploads\/2022\/09\/Matriculas.jpg\" alt=\"\" width=\"64\" height=\"57\" srcset=\"https:\/\/www.educacao.niteroi.rj.gov.br\/wp-content\/uploads\/2022\/09\/Matriculas.jpg 84w, https:\/\/www.educacao.niteroi.rj.gov.br\/wp-content\/uploads\/2022\/09\/Matriculas-24x21.jpg 24w, https:\/\/www.educacao.niteroi.rj.gov.br\/wp-content\/uploads\/2022\/09\/Matriculas-36x32.jpg 36w, https:\/\/www.educacao.niteroi.rj.gov.br\/wp-content\/uploads\/2022\/09\/Matriculas-48x43.jpg 48w\" sizes=\"auto, (max-width: 64px) 100vw, 64px\" \/><\/a><\/td>\n<td style=\"width: 33.3333%; text-align: center; height: 75px;\"><a title=\"Editais\" href=\"https:\/\/educacao.niteroi.rj.gov.br\/editais\/\"><strong>Editais<\/strong><\/a><a href=\"https:\/\/educacao.niteroi.rj.gov.br\/editais\/\"><img loading=\"lazy\" decoding=\"async\" class=\"aligncenter wp-image-40218\" src=\"https:\/\/educacao.niteroi.rj.gov.br\/wp-content\/uploads\/2022\/09\/Editais.jpg\" alt=\"\" width=\"59\" height=\"58\" srcset=\"https:\/\/www.educacao.niteroi.rj.gov.br\/wp-content\/uploads\/2022\/09\/Editais.jpg 82w, https:\/\/www.educacao.niteroi.rj.gov.br\/wp-content\/uploads\/2022\/09\/Editais-24x24.jpg 24w, https:\/\/www.educacao.niteroi.rj.gov.br\/wp-content\/uploads\/2022\/09\/Editais-36x36.jpg 36w, https:\/\/www.educacao.niteroi.rj.gov.br\/wp-content\/uploads\/2022\/09\/Editais-48x48.jpg 48w\" sizes=\"auto, (max-width: 59px) 100vw, 59px\" \/><\/a><\/td>\n<td style=\"width: 33.3333%; text-align: center; height: 75px;\"><a title=\"ContraCheques\" href=\"https:\/\/portais.niteroi.rj.gov.br\/e-cidadeonline\/\"><strong>Contracheques<\/strong><\/a><a href=\"https:\/\/portais.niteroi.rj.gov.br\/e-cidadeonline\/\"><img loading=\"lazy\" decoding=\"async\" class=\"aligncenter wp-image-40217\" src=\"https:\/\/educacao.niteroi.rj.gov.br\/wp-content\/uploads\/2022\/09\/contracheques.jpg\" alt=\"\" width=\"64\" height=\"52\" srcset=\"https:\/\/www.educacao.niteroi.rj.gov.br\/wp-content\/uploads\/2022\/09\/contracheques.jpg 120w, https:\/\/www.educacao.niteroi.rj.gov.br\/wp-content\/uploads\/2022\/09\/contracheques-24x19.jpg 24w, https:\/\/www.educacao.niteroi.rj.gov.br\/wp-content\/uploads\/2022\/09\/contracheques-36x29.jpg 36w, https:\/\/www.educacao.niteroi.rj.gov.br\/wp-content\/uploads\/2022\/09\/contracheques-48x39.jpg 48w\" sizes=\"auto, (max-width: 64px) 100vw, 64px\" \/><\/a><\/td>\n<\/tr>\n<tr style=\"height: 80px;\">\n<td style=\"width: 33.3333%; text-align: center; height: 82px;\"><a href=\"https:\/\/sso.niteroi.rj.gov.br\/auth\/realms\/niteroi\/protocol\/openid-connect\/auth?client_id=CIGA&amp;redirect_uri=https%3A%2F%2Feciga.niteroi.rj.gov.br%2F%23%2Fdocumentos%2Fentrada&amp;state=712f359d-ab59-4dca-808e-0a20065f1489&amp;response_mode=query&amp;response_type=code&amp;scope=openid&amp;nonce=b57ba713-43af-4211-aa3d-837b502ab7d1\"><strong>E-Ciga<\/strong><\/a><a href=\"https:\/\/sso.niteroi.rj.gov.br\/auth\/realms\/niteroi\/protocol\/openid-connect\/auth?client_id=CIGA&amp;redirect_uri=https%3A%2F%2Feciga.niteroi.rj.gov.br%2F%23%2Fdocumentos%2Fentrada&amp;state=712f359d-ab59-4dca-808e-0a20065f1489&amp;response_mode=query&amp;response_type=code&amp;scope=openid&amp;nonce=b57ba713-43af-4211-aa3d-837b502ab7d1\"><img loading=\"lazy\" decoding=\"async\" class=\"aligncenter wp-image-40720\" src=\"https:\/\/educacao.niteroi.rj.gov.br\/wp-content\/uploads\/2022\/11\/e-ciga1.jpg\" alt=\"\" width=\"50\" height=\"45\" srcset=\"https:\/\/www.educacao.niteroi.rj.gov.br\/wp-content\/uploads\/2022\/11\/e-ciga1.jpg 222w, https:\/\/www.educacao.niteroi.rj.gov.br\/wp-content\/uploads\/2022\/11\/e-ciga1-24x22.jpg 24w, https:\/\/www.educacao.niteroi.rj.gov.br\/wp-content\/uploads\/2022\/11\/e-ciga1-36x32.jpg 36w, https:\/\/www.educacao.niteroi.rj.gov.br\/wp-content\/uploads\/2022\/11\/e-ciga1-48x43.jpg 48w\" sizes=\"auto, (max-width: 50px) 100vw, 50px\" \/><\/a><\/td>\n<td style=\"width: 33.3333%; text-align: center; height: 82px;\"><strong><a href=\"https:\/\/ecidade.niteroi.rj.gov.br\/e-cidade\/login.php\">E-Cidade<\/a><\/strong><a href=\"https:\/\/ecidade.niteroi.rj.gov.br\/e-cidade\/login.php\"><img loading=\"lazy\" decoding=\"async\" class=\"aligncenter wp-image-40721\" src=\"https:\/\/educacao.niteroi.rj.gov.br\/wp-content\/uploads\/2022\/11\/e-cidade1.jpg\" alt=\"\" width=\"48\" height=\"50\" srcset=\"https:\/\/www.educacao.niteroi.rj.gov.br\/wp-content\/uploads\/2022\/11\/e-cidade1.jpg 72w, https:\/\/www.educacao.niteroi.rj.gov.br\/wp-content\/uploads\/2022\/11\/e-cidade1-24x24.jpg 24w\" sizes=\"auto, (max-width: 48px) 100vw, 48px\" \/><\/a><\/td>\n<td style=\"width: 33.3333%; text-align: center; height: 82px;\"><a href=\"https:\/\/educacao.niteroi.rj.gov.br\/wp-content\/uploads\/2021\/05\/PMEN-Lei-3234-e-Anexo-com-metas.pdf\"><b>Plano de Educa\u00e7\u00e3o<\/b><\/a><a href=\"https:\/\/educacao.niteroi.rj.gov.br\/wp-content\/uploads\/2021\/05\/PMEN-Lei-3234-e-Anexo-com-metas.pdf\"><img loading=\"lazy\" decoding=\"async\" class=\"aligncenter wp-image-40728\" src=\"https:\/\/educacao.niteroi.rj.gov.br\/wp-content\/uploads\/2022\/11\/planomunicipalfme1.jpg\" alt=\"\" width=\"57\" height=\"52\" srcset=\"https:\/\/www.educacao.niteroi.rj.gov.br\/wp-content\/uploads\/2022\/11\/planomunicipalfme1.jpg 307w, https:\/\/www.educacao.niteroi.rj.gov.br\/wp-content\/uploads\/2022\/11\/planomunicipalfme1-300x277.jpg 300w, https:\/\/www.educacao.niteroi.rj.gov.br\/wp-content\/uploads\/2022\/11\/planomunicipalfme1-24x22.jpg 24w, https:\/\/www.educacao.niteroi.rj.gov.br\/wp-content\/uploads\/2022\/11\/planomunicipalfme1-36x33.jpg 36w, https:\/\/www.educacao.niteroi.rj.gov.br\/wp-content\/uploads\/2022\/11\/planomunicipalfme1-48x44.jpg 48w\" sizes=\"auto, (max-width: 57px) 100vw, 57px\" \/><\/a><\/td>\n<\/tr>\n<\/tbody>\n<\/table>\n<pre style=\"text-align: left;\">\r\n<img loading=\"lazy\" decoding=\"async\" class=\"aligncenter wp-image-44037 size-full\" src=\"https:\/\/www.educacao.niteroi.rj.gov.br\/wp-content\/uploads\/2024\/05\/Captura-de-tela-2024-05-10-094255.png\" alt=\"\" width=\"813\" height=\"862\" srcset=\"https:\/\/www.educacao.niteroi.rj.gov.br\/wp-content\/uploads\/2024\/05\/Captura-de-tela-2024-05-10-094255.png 813w, https:\/\/www.educacao.niteroi.rj.gov.br\/wp-content\/uploads\/2024\/05\/Captura-de-tela-2024-05-10-094255-480x509.png 480w\" sizes=\"auto, (min-width: 0px) and (max-width: 480px) 480px, (min-width: 481px) 813px, 100vw\" \/>\r\n<a href=\"https:\/\/www.educacao.niteroi.rj.gov.br\/2024\/05\/07\/educacao-convoca-concursados\/\"><img loading=\"lazy\" decoding=\"async\" class=\"aligncenter wp-image-44038 size-full\" src=\"https:\/\/www.educacao.niteroi.rj.gov.br\/wp-content\/uploads\/2024\/05\/Captura-de-tela-2024-05-10-094427.png\" alt=\"\" width=\"806\" height=\"829\" srcset=\"https:\/\/www.educacao.niteroi.rj.gov.br\/wp-content\/uploads\/2024\/05\/Captura-de-tela-2024-05-10-094427.png 806w, https:\/\/www.educacao.niteroi.rj.gov.br\/wp-content\/uploads\/2024\/05\/Captura-de-tela-2024-05-10-094427-480x494.png 480w\" sizes=\"auto, (min-width: 0px) and (max-width: 480px) 480px, (min-width: 481px) 806px, 100vw\" \/><\/a><a href=\"https:\/\/www.educacao.niteroi.rj.gov.br\/2024\/04\/29\/merendeiras-da-rede-de-educacao-de-niteroi-vao-ganhar-novo-espaco-de-formacao\/\"><img loading=\"lazy\" decoding=\"async\" class=\"aligncenter wp-image-44039 size-full\" src=\"https:\/\/www.educacao.niteroi.rj.gov.br\/wp-content\/uploads\/2024\/05\/Captura-de-tela-2024-05-10-094439.png\" alt=\"\" width=\"808\" height=\"821\" srcset=\"https:\/\/www.educacao.niteroi.rj.gov.br\/wp-content\/uploads\/2024\/05\/Captura-de-tela-2024-05-10-094439.png 808w, https:\/\/www.educacao.niteroi.rj.gov.br\/wp-content\/uploads\/2024\/05\/Captura-de-tela-2024-05-10-094439-480x488.png 480w\" sizes=\"auto, (min-width: 0px) and (max-width: 480px) 480px, (min-width: 481px) 808px, 100vw\" \/><\/a><a href=\"https:\/\/www.educacao.niteroi.rj.gov.br\/2024\/04\/27\/niteroi-inicia-formacao-de-professores-no-curso-leitura-e-escrita-na-educacao-infantil\/\"><img loading=\"lazy\" decoding=\"async\" class=\"aligncenter wp-image-44040 size-full\" src=\"https:\/\/www.educacao.niteroi.rj.gov.br\/wp-content\/uploads\/2024\/05\/Captura-de-tela-2024-05-10-094453.png\" alt=\"\" width=\"808\" height=\"827\" srcset=\"https:\/\/www.educacao.niteroi.rj.gov.br\/wp-content\/uploads\/2024\/05\/Captura-de-tela-2024-05-10-094453.png 808w, https:\/\/www.educacao.niteroi.rj.gov.br\/wp-content\/uploads\/2024\/05\/Captura-de-tela-2024-05-10-094453-480x491.png 480w\" sizes=\"auto, (min-width: 0px) and (max-width: 480px) 480px, (min-width: 481px) 808px, 100vw\" \/><\/a>\r\n<a href=\"https:\/\/www.educacao.niteroi.rj.gov.br\/2024\/04\/26\/alunos-da-rede-municipal-terao-formacao-em-cidadania-etica-e-responsabilidade\/\"><img loading=\"lazy\" decoding=\"async\" class=\"aligncenter wp-image-44041 size-full\" src=\"https:\/\/www.educacao.niteroi.rj.gov.br\/wp-content\/uploads\/2024\/05\/Captura-de-tela-2024-05-10-094504.png\" alt=\"\" width=\"804\" height=\"795\" srcset=\"https:\/\/www.educacao.niteroi.rj.gov.br\/wp-content\/uploads\/2024\/05\/Captura-de-tela-2024-05-10-094504.png 804w, https:\/\/www.educacao.niteroi.rj.gov.br\/wp-content\/uploads\/2024\/05\/Captura-de-tela-2024-05-10-094504-480x475.png 480w\" sizes=\"auto, (min-width: 0px) and (max-width: 480px) 480px, (min-width: 481px) 804px, 100vw\" \/><\/a>\r\n<a href=\"https:\/\/www.educacao.niteroi.rj.gov.br\/2024\/04\/19\/curso-conhecendo-niteroi-abre-suas-inscricoes-para-a-edicao-2024\/\"><img loading=\"lazy\" decoding=\"async\" class=\"aligncenter wp-image-44042 size-full\" src=\"https:\/\/www.educacao.niteroi.rj.gov.br\/wp-content\/uploads\/2024\/05\/Captura-de-tela-2024-05-10-094517.png\" alt=\"\" width=\"809\" height=\"827\" srcset=\"https:\/\/www.educacao.niteroi.rj.gov.br\/wp-content\/uploads\/2024\/05\/Captura-de-tela-2024-05-10-094517.png 809w, https:\/\/www.educacao.niteroi.rj.gov.br\/wp-content\/uploads\/2024\/05\/Captura-de-tela-2024-05-10-094517-480x491.png 480w\" sizes=\"auto, (min-width: 0px) and (max-width: 480px) 480px, (min-width: 481px) 809px, 100vw\" \/><\/a>\r\n<\/pre>\n<p><a href=\"https:\/\/www.educacao.niteroi.rj.gov.br\/2024\/04\/29\/guarda-municipal-inicia-reforco-da-patrulha-escolar-nas-escolas-municipais-de-niteroi\/\"><img loading=\"lazy\" decoding=\"async\" class=\"aligncenter wp-image-44043 size-full\" src=\"https:\/\/www.educacao.niteroi.rj.gov.br\/wp-content\/uploads\/2024\/05\/Captura-de-tela-2024-05-10-094533.png\" alt=\"\" width=\"803\" height=\"799\" srcset=\"https:\/\/www.educacao.niteroi.rj.gov.br\/wp-content\/uploads\/2024\/05\/Captura-de-tela-2024-05-10-094533.png 803w, https:\/\/www.educacao.niteroi.rj.gov.br\/wp-content\/uploads\/2024\/05\/Captura-de-tela-2024-05-10-094533-480x478.png 480w\" sizes=\"auto, (min-width: 0px) and (max-width: 480px) 480px, (min-width: 481px) 803px, 100vw\" \/><\/a><img loading=\"lazy\" decoding=\"async\" class=\"aligncenter wp-image-44044 size-full\" src=\"https:\/\/www.educacao.niteroi.rj.gov.br\/wp-content\/uploads\/2024\/05\/Captura-de-tela-2024-05-10-094542.png\" alt=\"\" width=\"807\" height=\"179\" srcset=\"https:\/\/www.educacao.niteroi.rj.gov.br\/wp-content\/uploads\/2024\/05\/Captura-de-tela-2024-05-10-094542.png 807w, https:\/\/www.educacao.niteroi.rj.gov.br\/wp-content\/uploads\/2024\/05\/Captura-de-tela-2024-05-10-094542-480x106.png 480w\" sizes=\"auto, (min-width: 0px) and (max-width: 480px) 480px, (min-width: 481px) 807px, 100vw\" \/><\/p>\n<p>&nbsp;<\/p>\n<p><img loading=\"lazy\" decoding=\"async\" class=\"aligncenter wp-image-44045 size-full\" src=\"https:\/\/www.educacao.niteroi.rj.gov.br\/wp-content\/uploads\/2024\/05\/Captura-de-tela-2024-05-10-095045.png\" alt=\"\" width=\"969\" height=\"846\" srcset=\"https:\/\/www.educacao.niteroi.rj.gov.br\/wp-content\/uploads\/2024\/05\/Captura-de-tela-2024-05-10-095045.png 969w, https:\/\/www.educacao.niteroi.rj.gov.br\/wp-content\/uploads\/2024\/05\/Captura-de-tela-2024-05-10-095045-480x419.png 480w\" sizes=\"auto, (min-width: 0px) and (max-width: 480px) 480px, (min-width: 481px) 969px, 100vw\" \/><\/p>\n<p><img loading=\"lazy\" decoding=\"async\" class=\"aligncenter wp-image-44046 size-full\" src=\"https:\/\/www.educacao.niteroi.rj.gov.br\/wp-content\/uploads\/2024\/05\/Captura-de-tela-2024-05-10-095105.png\" alt=\"\" width=\"964\" height=\"863\" srcset=\"https:\/\/www.educacao.niteroi.rj.gov.br\/wp-content\/uploads\/2024\/05\/Captura-de-tela-2024-05-10-095105.png 964w, https:\/\/www.educacao.niteroi.rj.gov.br\/wp-content\/uploads\/2024\/05\/Captura-de-tela-2024-05-10-095105-480x430.png 480w\" sizes=\"auto, (min-width: 0px) and (max-width: 480px) 480px, (min-width: 481px) 964px, 100vw\" \/><\/p>\n<p><img loading=\"lazy\" decoding=\"async\" class=\"aligncenter wp-image-44047 size-full\" src=\"https:\/\/www.educacao.niteroi.rj.gov.br\/wp-content\/uploads\/2024\/05\/Captura-de-tela-2024-05-10-095116.png\" alt=\"\" width=\"966\" height=\"233\" srcset=\"https:\/\/www.educacao.niteroi.rj.gov.br\/wp-content\/uploads\/2024\/05\/Captura-de-tela-2024-05-10-095116.png 966w, https:\/\/www.educacao.niteroi.rj.gov.br\/wp-content\/uploads\/2024\/05\/Captura-de-tela-2024-05-10-095116-480x116.png 480w\" sizes=\"auto, (min-width: 0px) and (max-width: 480px) 480px, (min-width: 481px) 966px, 100vw\" \/><\/p>\n","protected":false},"excerpt":{"rendered":"<p>Portal Educacional Di\u00e1rio Oficial Fale Conosco Matr\u00edculas Editais Contracheques E-Ciga E-Cidade Plano de Educa\u00e7\u00e3o &nbsp;<\/p>\n","protected":false},"author":7,"featured_media":0,"parent":0,"menu_order":0,"comment_status":"closed","ping_status":"closed","template":"","meta":{"_et_pb_use_builder":"","_et_pb_old_content":"","_et_gb_content_width":"","footnotes":""},"class_list":["post-40213","page","type-page","status-publish","hentry"],"_links":{"self":[{"href":"https:\/\/www.educacao.niteroi.rj.gov.br\/index.php?rest_route=\/wp\/v2\/pages\/40213","targetHints":{"allow":["GET"]}}],"collection":[{"href":"https:\/\/www.educacao.niteroi.rj.gov.br\/index.php?rest_route=\/wp\/v2\/pages"}],"about":[{"href":"https:\/\/www.educacao.niteroi.rj.gov.br\/index.php?rest_route=\/wp\/v2\/types\/page"}],"author":[{"embeddable":true,"href":"https:\/\/www.educacao.niteroi.rj.gov.br\/index.php?rest_route=\/wp\/v2\/users\/7"}],"replies":[{"embeddable":true,"href":"https:\/\/www.educacao.niteroi.rj.gov.br\/index.php?rest_route=%2Fwp%2Fv2%2Fcomments&post=40213"}],"version-history":[{"count":45,"href":"https:\/\/www.educacao.niteroi.rj.gov.br\/index.php?rest_route=\/wp\/v2\/pages\/40213\/revisions"}],"predecessor-version":[{"id":44048,"href":"https:\/\/www.educacao.niteroi.rj.gov.br\/index.php?rest_route=\/wp\/v2\/pages\/40213\/revisions\/44048"}],"wp:attachment":[{"href":"https:\/\/www.educacao.niteroi.rj.gov.br\/index.php?rest_route=%2Fwp%2Fv2%2Fmedia&parent=40213"}],"curies":[{"name":"wp","href":"https:\/\/api.w.org\/{rel}","templated":true}]}}