{"id":40780,"date":"2022-12-01T17:41:47","date_gmt":"2022-12-01T20:41:47","guid":{"rendered":"https:\/\/educacao.niteroi.rj.gov.br\/?page_id=40780"},"modified":"2023-05-26T15:25:39","modified_gmt":"2023-05-26T18:25:39","slug":"planos-de-gestao-das-unidades-municipais-de-educacao-2022-2023","status":"publish","type":"page","link":"https:\/\/www.educacao.niteroi.rj.gov.br\/?page_id=40780","title":{"rendered":"Planos de Gest\u00e3o das Unidades Municipais de Educa\u00e7\u00e3o 2022\/2023"},"content":{"rendered":"<p>[et_pb_section fb_built=&#8221;1&#8243; fullwidth=&#8221;on&#8221; _builder_version=&#8221;4.8.0&#8243; _module_preset=&#8221;default&#8221;][et_pb_fullwidth_header title=&#8221;Secretaria&#8221; subhead=&#8221;@ET-DC@eyJkeW5hbWljIjp0cnVlLCJjb250ZW50IjoicG9zdF90aXRsZSIsInNldHRpbmdzIjp7ImJlZm9yZSI6IiIsImFmdGVyIjoiIn19@&#8221; text_orientation=&#8221;center&#8221; _builder_version=&#8221;4.8.0&#8243; _dynamic_attributes=&#8221;subhead&#8221; _module_preset=&#8221;default&#8221; title_font=&#8221;|600||on|||||&#8221; title_text_color=&#8221;#3a3a3a&#8221; title_font_size=&#8221;18px&#8221; subhead_font=&#8221;Montserrat|700|||||||&#8221; subhead_text_color=&#8221;#262626&#8243; subhead_font_size=&#8221;30px&#8221; background_color=&#8221;#e8e8e8&#8243; background_layout=&#8221;light&#8221;][\/et_pb_fullwidth_header][\/et_pb_section][et_pb_section fb_built=&#8221;1&#8243; _builder_version=&#8221;4.8.0&#8243; _module_preset=&#8221;default&#8221;][et_pb_row _builder_version=&#8221;4.9.6&#8243; _module_preset=&#8221;default&#8221;][et_pb_column type=&#8221;4_4&#8243; _builder_version=&#8221;4.9.6&#8243; _module_preset=&#8221;default&#8221;][et_pb_text _builder_version=&#8221;4.9.6&#8243; _module_preset=&#8221;default&#8221;]<\/p>\n<h3><strong>Confira o plano de gest\u00e3o das unidades escolares divididos por p\u00f3lo.\u00a0<\/strong><\/h3>\n<p>[\/et_pb_text][\/et_pb_column][\/et_pb_row][et_pb_row column_structure=&#8221;1_6,1_6,1_6,1_6,1_6,1_6&#8243; _builder_version=&#8221;4.9.6&#8243; _module_preset=&#8221;default&#8221;][et_pb_column type=&#8221;1_6&#8243; _builder_version=&#8221;4.9.6&#8243; _module_preset=&#8221;default&#8221;][et_pb_button button_url=&#8221;https:\/\/drive.google.com\/drive\/folders\/1pTRNn_2CgS5zhnWjsbybSo_TpWhC04SF?usp=sharing&#8221; button_text=&#8221;P\u00f3lo 1&#8243; _builder_version=&#8221;4.9.6&#8243; _module_preset=&#8221;default&#8221;][\/et_pb_button][\/et_pb_column][et_pb_column type=&#8221;1_6&#8243; _builder_version=&#8221;4.9.6&#8243; _module_preset=&#8221;default&#8221;][et_pb_button button_url=&#8221;https:\/\/drive.google.com\/drive\/u\/5\/folders\/1JkRz1Y41egc2yFk59kTZVRjkwiV7S_c5&#8243; button_text=&#8221;P\u00f3lo 2&#8243; _builder_version=&#8221;4.9.6&#8243; _module_preset=&#8221;default&#8221;][\/et_pb_button][\/et_pb_column][et_pb_column type=&#8221;1_6&#8243; _builder_version=&#8221;4.9.6&#8243; _module_preset=&#8221;default&#8221;][et_pb_button button_url=&#8221;https:\/\/drive.google.com\/drive\/u\/5\/folders\/1mX8ACLFnIyplbDvoGdgkW8Zt3bHmOovV&#8221; button_text=&#8221;P\u00f3lo 3&#8243; _builder_version=&#8221;4.9.6&#8243; _module_preset=&#8221;default&#8221;][\/et_pb_button][\/et_pb_column][et_pb_column type=&#8221;1_6&#8243; _builder_version=&#8221;4.9.6&#8243; _module_preset=&#8221;default&#8221;][et_pb_button button_url=&#8221;https:\/\/drive.google.com\/drive\/u\/5\/folders\/1TlJpSsrQAo13_gP4EbnF_9OIM03x8KhS&#8221; button_text=&#8221;P\u00f3lo 4&#8243; _builder_version=&#8221;4.9.6&#8243; _module_preset=&#8221;default&#8221;][\/et_pb_button][\/et_pb_column][et_pb_column type=&#8221;1_6&#8243; _builder_version=&#8221;4.9.6&#8243; _module_preset=&#8221;default&#8221;][et_pb_button button_url=&#8221;https:\/\/drive.google.com\/drive\/u\/5\/folders\/1_g_hdwRPrKtJMLWJvaykrPqSPQ1dSNse&#8221; button_text=&#8221;P\u00f3lo 5&#8243; _builder_version=&#8221;4.9.6&#8243; _module_preset=&#8221;default&#8221;][\/et_pb_button][\/et_pb_column][et_pb_column type=&#8221;1_6&#8243; _builder_version=&#8221;4.9.6&#8243; _module_preset=&#8221;default&#8221;][et_pb_button button_url=&#8221;https:\/\/drive.google.com\/drive\/u\/5\/folders\/1EwCr02qDRthPLcSk8oKxj9dZZBxtDGVa&#8221; button_text=&#8221;P\u00f3lo 6&#8243; _builder_version=&#8221;4.9.6&#8243; _module_preset=&#8221;default&#8221;][\/et_pb_button][et_pb_button button_url=&#8221;https:\/\/drive.google.com\/drive\/u\/5\/folders\/1QPrecVcRPWtUhxPJUio5yeKnElP7cSaA&#8221; button_text=&#8221;P\u00f3lo 7&#8243; _builder_version=&#8221;4.9.6&#8243; _module_preset=&#8221;default&#8221;][\/et_pb_button][\/et_pb_column][\/et_pb_row][\/et_pb_section]<\/p>\n","protected":false},"excerpt":{"rendered":"<p>[et_pb_section fb_built=&#8221;1&#8243; fullwidth=&#8221;on&#8221; _builder_version=&#8221;4.8.0&#8243; _module_preset=&#8221;default&#8221;][et_pb_fullwidth_header title=&#8221;Secretaria&#8221; subhead=&#8221;@ET-DC@eyJkeW5hbWljIjp0cnVlLCJjb250ZW50IjoicG9zdF90aXRsZSIsInNldHRpbmdzIjp7ImJlZm9yZSI6IiIsImFmdGVyIjoiIn19@&#8221; text_orientation=&#8221;center&#8221; _builder_version=&#8221;4.8.0&#8243; _dynamic_attributes=&#8221;subhead&#8221; _module_preset=&#8221;default&#8221; title_font=&#8221;|600||on|||||&#8221; title_text_color=&#8221;#3a3a3a&#8221; title_font_size=&#8221;18px&#8221; subhead_font=&#8221;Montserrat|700|||||||&#8221; subhead_text_color=&#8221;#262626&#8243; subhead_font_size=&#8221;30px&#8221; background_color=&#8221;#e8e8e8&#8243; background_layout=&#8221;light&#8221;][\/et_pb_fullwidth_header][\/et_pb_section][et_pb_section fb_built=&#8221;1&#8243; _builder_version=&#8221;4.8.0&#8243; _module_preset=&#8221;default&#8221;][et_pb_row _builder_version=&#8221;4.9.6&#8243; _module_preset=&#8221;default&#8221;][et_pb_column type=&#8221;4_4&#8243; _builder_version=&#8221;4.9.6&#8243; _module_preset=&#8221;default&#8221;][et_pb_text _builder_version=&#8221;4.9.6&#8243; _module_preset=&#8221;default&#8221;] Confira o plano de gest\u00e3o das unidades escolares divididos por p\u00f3lo.\u00a0 [\/et_pb_text][\/et_pb_column][\/et_pb_row][et_pb_row column_structure=&#8221;1_6,1_6,1_6,1_6,1_6,1_6&#8243; _builder_version=&#8221;4.9.6&#8243; _module_preset=&#8221;default&#8221;][et_pb_column type=&#8221;1_6&#8243; _builder_version=&#8221;4.9.6&#8243; _module_preset=&#8221;default&#8221;][et_pb_button button_url=&#8221;https:\/\/drive.google.com\/drive\/folders\/1pTRNn_2CgS5zhnWjsbybSo_TpWhC04SF?usp=sharing&#8221; button_text=&#8221;P\u00f3lo 1&#8243; _builder_version=&#8221;4.9.6&#8243; _module_preset=&#8221;default&#8221;][\/et_pb_button][\/et_pb_column][et_pb_column type=&#8221;1_6&#8243; _builder_version=&#8221;4.9.6&#8243; _module_preset=&#8221;default&#8221;][et_pb_button [&hellip;]<\/p>\n","protected":false},"author":7,"featured_media":0,"parent":252,"menu_order":0,"comment_status":"closed","ping_status":"closed","template":"","meta":{"_et_pb_use_builder":"on","_et_pb_old_content":"","_et_gb_content_width":"","footnotes":""},"class_list":["post-40780","page","type-page","status-publish","hentry"],"_links":{"self":[{"href":"https:\/\/www.educacao.niteroi.rj.gov.br\/index.php?rest_route=\/wp\/v2\/pages\/40780","targetHints":{"allow":["GET"]}}],"collection":[{"href":"https:\/\/www.educacao.niteroi.rj.gov.br\/index.php?rest_route=\/wp\/v2\/pages"}],"about":[{"href":"https:\/\/www.educacao.niteroi.rj.gov.br\/index.php?rest_route=\/wp\/v2\/types\/page"}],"author":[{"embeddable":true,"href":"https:\/\/www.educacao.niteroi.rj.gov.br\/index.php?rest_route=\/wp\/v2\/users\/7"}],"replies":[{"embeddable":true,"href":"https:\/\/www.educacao.niteroi.rj.gov.br\/index.php?rest_route=%2Fwp%2Fv2%2Fcomments&post=40780"}],"version-history":[{"count":20,"href":"https:\/\/www.educacao.niteroi.rj.gov.br\/index.php?rest_route=\/wp\/v2\/pages\/40780\/revisions"}],"predecessor-version":[{"id":41988,"href":"https:\/\/www.educacao.niteroi.rj.gov.br\/index.php?rest_route=\/wp\/v2\/pages\/40780\/revisions\/41988"}],"up":[{"embeddable":true,"href":"https:\/\/www.educacao.niteroi.rj.gov.br\/index.php?rest_route=\/wp\/v2\/pages\/252"}],"wp:attachment":[{"href":"https:\/\/www.educacao.niteroi.rj.gov.br\/index.php?rest_route=%2Fwp%2Fv2%2Fmedia&parent=40780"}],"curies":[{"name":"wp","href":"https:\/\/api.w.org\/{rel}","templated":true}]}}