{"id":45142,"date":"2024-12-20T11:49:03","date_gmt":"2024-12-20T14:49:03","guid":{"rendered":"https:\/\/www.educacao.niteroi.rj.gov.br\/?page_id=45142"},"modified":"2025-01-02T17:22:16","modified_gmt":"2025-01-02T20:22:16","slug":"colecao-uma-rede-inteira-pela-alfabetizacao-e-inclusao","status":"publish","type":"page","link":"https:\/\/www.educacao.niteroi.rj.gov.br\/?page_id=45142","title":{"rendered":"Cole\u00e7\u00e3o Uma Rede Inteira pela Alfabetiza\u00e7\u00e3o e Inclus\u00e3o"},"content":{"rendered":"<p>[et_pb_section fb_built=&#8221;1&#8243; fullwidth=&#8221;on&#8221; _builder_version=&#8221;4.8.0&#8243; _module_preset=&#8221;default&#8221;][et_pb_fullwidth_header subhead=&#8221;@ET-DC@eyJkeW5hbWljIjp0cnVlLCJjb250ZW50IjoicG9zdF90aXRsZSIsInNldHRpbmdzIjp7ImJlZm9yZSI6IiIsImFmdGVyIjoiIn19@&#8221; text_orientation=&#8221;center&#8221; _builder_version=&#8221;4.8.0&#8243; _dynamic_attributes=&#8221;subhead&#8221; _module_preset=&#8221;default&#8221; title_font=&#8221;|600||on|||||&#8221; title_text_color=&#8221;#3a3a3a&#8221; title_font_size=&#8221;18px&#8221; subhead_font=&#8221;Montserrat|700|||||||&#8221; subhead_text_color=&#8221;#262626&#8243; subhead_font_size=&#8221;30px&#8221; background_color=&#8221;#e8e8e8&#8243; background_layout=&#8221;light&#8221;][\/et_pb_fullwidth_header][\/et_pb_section][et_pb_section fb_built=&#8221;1&#8243; _builder_version=&#8221;4.8.0&#8243; _module_preset=&#8221;default&#8221;][et_pb_row _builder_version=&#8221;4.9.6&#8243; _module_preset=&#8221;default&#8221;][et_pb_column type=&#8221;4_4&#8243; _builder_version=&#8221;4.9.6&#8243; _module_preset=&#8221;default&#8221;][et_pb_text _builder_version=&#8221;4.9.6&#8243; _module_preset=&#8221;default&#8221;]<\/p>\n<h3><strong>Cole\u00e7\u00e3o Uma Rede Inteira pela Alfabetiza\u00e7\u00e3o e Inclus\u00e3o<\/strong><\/h3>\n<p><strong><\/strong><\/p>\n<p><strong><\/strong><\/p>\n<p><strong><\/strong><\/p>\n<p>[\/et_pb_text][\/et_pb_column][\/et_pb_row][et_pb_row column_structure=&#8221;1_4,1_4,1_4,1_4&#8243; _builder_version=&#8221;4.9.6&#8243; _module_preset=&#8221;default&#8221;][et_pb_column type=&#8221;1_4&#8243; _builder_version=&#8221;4.9.6&#8243; _module_preset=&#8221;default&#8221; hover_enabled=&#8221;0&#8243; sticky_enabled=&#8221;0&#8243;][et_pb_image src=&#8221;https:\/\/www.educacao.niteroi.rj.gov.br\/wp-content\/uploads\/2024\/12\/volume1.jpeg&#8221; title_text=&#8221;volume1&#8243; url=&#8221;https:\/\/drive.google.com\/file\/d\/1aG_r9ebf_W1FKZzdX1I0iEZoFeEjpi-i\/view?usp=sharing&#8221; url_new_window=&#8221;on&#8221; src_tablet=&#8221;https:\/\/www.educacao.niteroi.rj.gov.br\/wp-content\/uploads\/2024\/12\/volume1.jpeg&#8221; src_phone=&#8221;https:\/\/www.educacao.niteroi.rj.gov.br\/wp-content\/uploads\/2024\/12\/volume1.jpeg&#8221; src_last_edited=&#8221;on|tablet&#8221; _builder_version=&#8221;4.9.6&#8243; _module_preset=&#8221;default&#8221; use_background_color_gradient=&#8221;on&#8221; background_enable_image=&#8221;off&#8221; hover_enabled=&#8221;0&#8243; sticky_enabled=&#8221;0&#8243;][\/et_pb_image][\/et_pb_column][et_pb_column type=&#8221;1_4&#8243; _builder_version=&#8221;4.9.6&#8243; _module_preset=&#8221;default&#8221;][et_pb_image src=&#8221;https:\/\/www.educacao.niteroi.rj.gov.br\/wp-content\/uploads\/2024\/12\/volume2.jpeg&#8221; title_text=&#8221;volume2&#8243; url=&#8221;https:\/\/drive.google.com\/file\/d\/1wMDYWO7y4Uzm0Yr0pEF144CdxGtv8o_5\/view?usp=sharing&#8221; url_new_window=&#8221;on&#8221; src_tablet=&#8221;https:\/\/www.educacao.niteroi.rj.gov.br\/wp-content\/uploads\/2024\/12\/volume2.jpeg&#8221; src_phone=&#8221;https:\/\/www.educacao.niteroi.rj.gov.br\/wp-content\/uploads\/2024\/12\/volume2.jpeg&#8221; src_last_edited=&#8221;on|tablet&#8221; _builder_version=&#8221;4.9.6&#8243; _module_preset=&#8221;default&#8221; hover_enabled=&#8221;0&#8243; sticky_enabled=&#8221;0&#8243;][\/et_pb_image][\/et_pb_column][et_pb_column type=&#8221;1_4&#8243; _builder_version=&#8221;4.9.6&#8243; _module_preset=&#8221;default&#8221;][et_pb_image src=&#8221;https:\/\/www.educacao.niteroi.rj.gov.br\/wp-content\/uploads\/2024\/12\/volume3.jpeg&#8221; title_text=&#8221;volume3&#8243; url=&#8221;https:\/\/drive.google.com\/file\/d\/1tTeYI9WM7oyNThLH1TWV1VNSZfT-0eZq\/view?usp=sharing&#8221; url_new_window=&#8221;on&#8221; src_tablet=&#8221;https:\/\/www.educacao.niteroi.rj.gov.br\/wp-content\/uploads\/2024\/12\/volume3.jpeg&#8221; src_phone=&#8221;https:\/\/www.educacao.niteroi.rj.gov.br\/wp-content\/uploads\/2024\/12\/volume3.jpeg&#8221; src_last_edited=&#8221;on|phone&#8221; _builder_version=&#8221;4.9.6&#8243; _module_preset=&#8221;default&#8221; hover_enabled=&#8221;0&#8243; sticky_enabled=&#8221;0&#8243;][\/et_pb_image][\/et_pb_column][et_pb_column type=&#8221;1_4&#8243; _builder_version=&#8221;4.9.6&#8243; _module_preset=&#8221;default&#8221;][et_pb_image src=&#8221;https:\/\/www.educacao.niteroi.rj.gov.br\/wp-content\/uploads\/2024\/12\/volume4.jpeg&#8221; title_text=&#8221;volume4&#8243; url=&#8221;https:\/\/drive.google.com\/file\/d\/1-9bE8Ay3Hg-bZR14U17w49MolEy7xpLy\/view?usp=sharing&#8221; url_new_window=&#8221;on&#8221; src_tablet=&#8221;https:\/\/www.educacao.niteroi.rj.gov.br\/wp-content\/uploads\/2024\/12\/volume4.jpeg&#8221; src_phone=&#8221;https:\/\/www.educacao.niteroi.rj.gov.br\/wp-content\/uploads\/2024\/12\/volume4.jpeg&#8221; src_last_edited=&#8221;on|tablet&#8221; _builder_version=&#8221;4.9.6&#8243; _module_preset=&#8221;default&#8221; hover_enabled=&#8221;0&#8243; sticky_enabled=&#8221;0&#8243;][\/et_pb_image][\/et_pb_column][\/et_pb_row][et_pb_row column_structure=&#8221;1_4,1_4,1_4,1_4&#8243; _builder_version=&#8221;4.9.6&#8243; _module_preset=&#8221;default&#8221;][et_pb_column type=&#8221;1_4&#8243; _builder_version=&#8221;4.9.6&#8243; _module_preset=&#8221;default&#8221;][et_pb_image src=&#8221;https:\/\/www.educacao.niteroi.rj.gov.br\/wp-content\/uploads\/2025\/01\/volume_5.jpeg&#8221; title_text=&#8221;volume_5&#8243; url=&#8221;https:\/\/drive.google.com\/file\/d\/1OSYs-GLJye_M8yN04Z2IjJELEAwzH_gK\/view?usp=sharing&#8221; _builder_version=&#8221;4.9.6&#8243; _module_preset=&#8221;default&#8221;][\/et_pb_image][\/et_pb_column][et_pb_column type=&#8221;1_4&#8243; _builder_version=&#8221;4.9.6&#8243; _module_preset=&#8221;default&#8221;][\/et_pb_column][et_pb_column type=&#8221;1_4&#8243; _builder_version=&#8221;4.9.6&#8243; _module_preset=&#8221;default&#8221;][\/et_pb_column][et_pb_column type=&#8221;1_4&#8243; _builder_version=&#8221;4.9.6&#8243; _module_preset=&#8221;default&#8221;][\/et_pb_column][\/et_pb_row][\/et_pb_section]<\/p>\n","protected":false},"excerpt":{"rendered":"<p>[et_pb_section fb_built=&#8221;1&#8243; fullwidth=&#8221;on&#8221; _builder_version=&#8221;4.8.0&#8243; _module_preset=&#8221;default&#8221;][et_pb_fullwidth_header subhead=&#8221;@ET-DC@eyJkeW5hbWljIjp0cnVlLCJjb250ZW50IjoicG9zdF90aXRsZSIsInNldHRpbmdzIjp7ImJlZm9yZSI6IiIsImFmdGVyIjoiIn19@&#8221; text_orientation=&#8221;center&#8221; _builder_version=&#8221;4.8.0&#8243; _dynamic_attributes=&#8221;subhead&#8221; _module_preset=&#8221;default&#8221; title_font=&#8221;|600||on|||||&#8221; title_text_color=&#8221;#3a3a3a&#8221; title_font_size=&#8221;18px&#8221; subhead_font=&#8221;Montserrat|700|||||||&#8221; subhead_text_color=&#8221;#262626&#8243; subhead_font_size=&#8221;30px&#8221; background_color=&#8221;#e8e8e8&#8243; background_layout=&#8221;light&#8221;][\/et_pb_fullwidth_header][\/et_pb_section][et_pb_section fb_built=&#8221;1&#8243; _builder_version=&#8221;4.8.0&#8243; _module_preset=&#8221;default&#8221;][et_pb_row _builder_version=&#8221;4.9.6&#8243; _module_preset=&#8221;default&#8221;][et_pb_column type=&#8221;4_4&#8243; _builder_version=&#8221;4.9.6&#8243; _module_preset=&#8221;default&#8221;][et_pb_text _builder_version=&#8221;4.9.6&#8243; _module_preset=&#8221;default&#8221;] Cole\u00e7\u00e3o Uma Rede Inteira pela Alfabetiza\u00e7\u00e3o e Inclus\u00e3o [\/et_pb_text][\/et_pb_column][\/et_pb_row][et_pb_row column_structure=&#8221;1_4,1_4,1_4,1_4&#8243; _builder_version=&#8221;4.9.6&#8243; _module_preset=&#8221;default&#8221;][et_pb_column type=&#8221;1_4&#8243; _builder_version=&#8221;4.9.6&#8243; _module_preset=&#8221;default&#8221; hover_enabled=&#8221;0&#8243; sticky_enabled=&#8221;0&#8243;][et_pb_image src=&#8221;https:\/\/www.educacao.niteroi.rj.gov.br\/wp-content\/uploads\/2024\/12\/volume1.jpeg&#8221; title_text=&#8221;volume1&#8243; url=&#8221;https:\/\/drive.google.com\/file\/d\/1aG_r9ebf_W1FKZzdX1I0iEZoFeEjpi-i\/view?usp=sharing&#8221; url_new_window=&#8221;on&#8221; src_tablet=&#8221;https:\/\/www.educacao.niteroi.rj.gov.br\/wp-content\/uploads\/2024\/12\/volume1.jpeg&#8221; src_phone=&#8221;https:\/\/www.educacao.niteroi.rj.gov.br\/wp-content\/uploads\/2024\/12\/volume1.jpeg&#8221; src_last_edited=&#8221;on|tablet&#8221; _builder_version=&#8221;4.9.6&#8243; _module_preset=&#8221;default&#8221; use_background_color_gradient=&#8221;on&#8221; [&hellip;]<\/p>\n","protected":false},"author":9,"featured_media":0,"parent":0,"menu_order":0,"comment_status":"closed","ping_status":"closed","template":"","meta":{"_et_pb_use_builder":"on","_et_pb_old_content":"","_et_gb_content_width":"","footnotes":""},"class_list":["post-45142","page","type-page","status-publish","hentry"],"_links":{"self":[{"href":"https:\/\/www.educacao.niteroi.rj.gov.br\/index.php?rest_route=\/wp\/v2\/pages\/45142","targetHints":{"allow":["GET"]}}],"collection":[{"href":"https:\/\/www.educacao.niteroi.rj.gov.br\/index.php?rest_route=\/wp\/v2\/pages"}],"about":[{"href":"https:\/\/www.educacao.niteroi.rj.gov.br\/index.php?rest_route=\/wp\/v2\/types\/page"}],"author":[{"embeddable":true,"href":"https:\/\/www.educacao.niteroi.rj.gov.br\/index.php?rest_route=\/wp\/v2\/users\/9"}],"replies":[{"embeddable":true,"href":"https:\/\/www.educacao.niteroi.rj.gov.br\/index.php?rest_route=%2Fwp%2Fv2%2Fcomments&post=45142"}],"version-history":[{"count":16,"href":"https:\/\/www.educacao.niteroi.rj.gov.br\/index.php?rest_route=\/wp\/v2\/pages\/45142\/revisions"}],"predecessor-version":[{"id":45233,"href":"https:\/\/www.educacao.niteroi.rj.gov.br\/index.php?rest_route=\/wp\/v2\/pages\/45142\/revisions\/45233"}],"wp:attachment":[{"href":"https:\/\/www.educacao.niteroi.rj.gov.br\/index.php?rest_route=%2Fwp%2Fv2%2Fmedia&parent=45142"}],"curies":[{"name":"wp","href":"https:\/\/api.w.org\/{rel}","templated":true}]}}