{"id":46061,"date":"2025-04-16T16:53:35","date_gmt":"2025-04-16T19:53:35","guid":{"rendered":"https:\/\/www.educacao.niteroi.rj.gov.br\/?page_id=46061"},"modified":"2025-04-17T11:38:28","modified_gmt":"2025-04-17T14:38:28","slug":"escola-parceira","status":"publish","type":"page","link":"https:\/\/www.educacao.niteroi.rj.gov.br\/?page_id=46061","title":{"rendered":"Escola Parceira"},"content":{"rendered":"<p>[et_pb_section fb_built=&#8221;1&#8243; fullwidth=&#8221;on&#8221; _builder_version=&#8221;4.8.0&#8243; _module_preset=&#8221;default&#8221;][et_pb_fullwidth_header title=&#8221;Escola Parceira&#8221; subhead=&#8221;@ET-DC@eyJkeW5hbWljIjp0cnVlLCJjb250ZW50IjoicG9zdF90aXRsZSIsInNldHRpbmdzIjp7ImJlZm9yZSI6IiIsImFmdGVyIjoiIn19@&#8221; text_orientation=&#8221;center&#8221; _builder_version=&#8221;4.9.6&#8243; _dynamic_attributes=&#8221;subhead&#8221; _module_preset=&#8221;default&#8221; title_font=&#8221;|600||on|||||&#8221; title_text_color=&#8221;#3a3a3a&#8221; title_font_size=&#8221;18px&#8221; subhead_font=&#8221;Montserrat|700|||||||&#8221; subhead_text_color=&#8221;#262626&#8243; subhead_font_size=&#8221;30px&#8221; background_color=&#8221;#e8e8e8&#8243; background_layout=&#8221;light&#8221;][\/et_pb_fullwidth_header][\/et_pb_section][et_pb_section fb_built=&#8221;1&#8243; _builder_version=&#8221;4.8.0&#8243; _module_preset=&#8221;default&#8221;][et_pb_row column_structure=&#8221;1_5,3_5,1_5&#8243; _builder_version=&#8221;4.8.0&#8243; _module_preset=&#8221;default&#8221; custom_padding=&#8221;0px||||false|false&#8221;][et_pb_column type=&#8221;1_5&#8243; _builder_version=&#8221;4.8.0&#8243; _module_preset=&#8221;default&#8221;][\/et_pb_column][et_pb_column type=&#8221;3_5&#8243; _builder_version=&#8221;4.8.0&#8243; _module_preset=&#8221;default&#8221;][et_pb_text _builder_version=&#8221;4.9.6&#8243; _module_preset=&#8221;default&#8221; width=&#8221;100%&#8221;]<\/p>\n<h3><strong>Escolas Parceiras<\/strong><\/h3>\n<p>&nbsp;<\/p>\n<p>CRECHE ESCOLA ANDRADE E TORRES<br \/>Travessa S\u00e3o Feliciano, 34, Fonseca<\/p>\n<p>CENTRO EDUCACIONAL MONTEIRO<br \/>Alameda S\u00e3o Boaventura, N\u00ba 1057, Fonseca<\/p>\n<p>JARDIM ESCOLA PIRATININGA<br \/>Rua Prof. Silvio Pires de Melo, LT 6, QD 504, Piratininga<\/p>\n<p>CENTRO DE ENSINO MARAVISTA<br \/>Rua Adalgisa Monteiro, 100, Itaipu<\/p>\n<p>CENTRO EDUCACIONAL REIS \/ JARDIM DE INF\u00c2NCIA PEDACINHO DO SABER<br \/>Estrada Dr. Melchiades Peixoto s\/n, QD 2, LT 10, Baldeador<\/p>\n<p>FLORESTINHA EDUCA\u00c7\u00c3O INFANTIL E ENSINO FUNDAMENTAL<br \/>Rua Noronha Torrez\u00e3o,87, Santa Rosa<\/p>\n<p>ESCOLA ASPEN<br \/>Rua Jos\u00e9 Mocarzel, 277, Serra Grande<\/p>\n<p>GRUPO COSTA BAHIA \/ COL\u00c9GIO CASTELO DO SABER<br \/>Travessa Estado de Israel, 7, Icara\u00ed<\/p>\n<p>INSTITUTO S\u00c3O BENTO DE NITER\u00d3I<br \/>Rua Vereador Duque Estrada, 28, Santa Rosa<\/p>\n<p>CENTRO EDUCACIONAL ADS \/ JARDIM ESCOLA MEU PEQUENO MUNDO<br \/>Rua Senador Nabuco, 21, Centro<\/p>\n<p>ESPA\u00c7O EDUCATIVO PEQUENOS PASSOS<br \/>Rua Guilhermina Bastos, 46, Badu<\/p>\n<p>JARDIM DE INF\u00c2NCIA SANTA HELENA \/ CENTRO EDUCACIONAL SANTA HELENA<br \/>Rua Martins Torres, 80, Santa Rosa<\/p>\n<p>CENTRO EDUCACIONAL DURVALINA KNUPP \/ ESCOLINHA DA TURMA DO MICKEY<br \/>Rua Jornalista Sardo Filho, 188, Ilha da Concei\u00e7\u00e3o<\/p>\n<p>JARDIM ESCOLA PRIMEIROS PASSOS \/ RCS MARQUES DE OLIVEIRA<br \/>Travessa Caldas, 954, Caramujo<\/p>\n<p>SOCIEDADE EDUCADORA CURSO SARAMAGO<br \/>Rua Airosa Galv\u00e3o, 119, Fonseca<\/p>\n<p>ENSINO INFANTIL RECRIAN\u00c7A<br \/>Estrada do Sap\u00ea, 495, Sap\u00ea<\/p>\n<p>INSTITUTO NOGUEIRA BARROS<br \/>Rua Jornalista S\u00e9rgio Porto, 78, Santa B\u00e1rbara<\/p>\n<p>CRECHE ESCOLA \u00c2NCORA EDUCA\u00c7\u00c3O INFANTIL<br \/>Rua Santo Eduardo, 63, Itaipu<\/p>\n<p>SOCIEDADE EDUCADORA CANTINHO DA ALEGRIA<br \/>Rua Dr. Cornelio de Mello J\u00fanior, 345, Piratininga<\/p>\n<p>CAMPANHA NACIONAL DE ESCOLAS DA COMUNIDADE \/ COL\u00c9GIO CENECISTA J\u00daLIO CESAR SOUZA BALTHAREJO<br \/>Estrada Francisco da Cruz Nunes, 7245, Itaipu<\/p>\n<p>CRECHE LE PETIT 292<br \/>Rua Cinco de Julho, 292, Icara\u00ed<\/p>\n<p>CRECHE LE PETIT<br \/>Rua Alvares de Azevedo, 249, Icara\u00ed<\/p>\n<p>COP REDE DE ENSINO<br \/>Alameda S\u00e3o Boaventura, 824, Fonseca<\/p>\n<p>CURSO NOSSA SENHORA DA CONCEI\u00c7\u00c3O<br \/>Rua Major Pardal Junior, 26, Fonseca<\/p>\n<p>PLANETA DO BEB\u00ca EDUCA\u00c7\u00c3O INFANTIL<br \/>Rua Magn\u00f3lia Brasil, 07, Fonseca<\/p>\n<p>CENTRO DE ENSINO REGI\u00c3O OCE\u00c2NICA<br \/>Rua das Aroeiras, 12, Engenho do Mato<\/p>\n<p>SAYONARA CRECHE ESCOLA LTDA \/ DESCOBRIR CRECHE E RECREA\u00c7\u00c3O<br \/>Estrada Francisco da Cruz Nunes, 6477, Itaipu<\/p>\n<p>CRECHE ESCOLA PASSO A PASSO LTDA<br \/>Rua Fagundes Varela, 263, Ing\u00e1<\/p>\n<p>PRIMEIROS PASSOS ESCOLA MATERNAL<br \/>Avenida Rui Barbosa, 540, S\u00e3o Francisco<\/p>\n<p>CRECHE ESCOLA NOSSA INF\u00c2NCIA<br \/>Dr. Souza Dias, 78, Vital Brasil<\/p>\n<p>[\/et_pb_text][\/et_pb_column][et_pb_column type=&#8221;1_5&#8243; _builder_version=&#8221;4.8.0&#8243; _module_preset=&#8221;default&#8221;][\/et_pb_column][\/et_pb_row][\/et_pb_section]<\/p>\n","protected":false},"excerpt":{"rendered":"<p>[et_pb_section fb_built=&#8221;1&#8243; fullwidth=&#8221;on&#8221; _builder_version=&#8221;4.8.0&#8243; _module_preset=&#8221;default&#8221;][et_pb_fullwidth_header title=&#8221;Escola Parceira&#8221; subhead=&#8221;@ET-DC@eyJkeW5hbWljIjp0cnVlLCJjb250ZW50IjoicG9zdF90aXRsZSIsInNldHRpbmdzIjp7ImJlZm9yZSI6IiIsImFmdGVyIjoiIn19@&#8221; text_orientation=&#8221;center&#8221; _builder_version=&#8221;4.9.6&#8243; _dynamic_attributes=&#8221;subhead&#8221; _module_preset=&#8221;default&#8221; title_font=&#8221;|600||on|||||&#8221; title_text_color=&#8221;#3a3a3a&#8221; title_font_size=&#8221;18px&#8221; subhead_font=&#8221;Montserrat|700|||||||&#8221; subhead_text_color=&#8221;#262626&#8243; subhead_font_size=&#8221;30px&#8221; background_color=&#8221;#e8e8e8&#8243; background_layout=&#8221;light&#8221;][\/et_pb_fullwidth_header][\/et_pb_section][et_pb_section fb_built=&#8221;1&#8243; _builder_version=&#8221;4.8.0&#8243; _module_preset=&#8221;default&#8221;][et_pb_row column_structure=&#8221;1_5,3_5,1_5&#8243; _builder_version=&#8221;4.8.0&#8243; _module_preset=&#8221;default&#8221; custom_padding=&#8221;0px||||false|false&#8221;][et_pb_column type=&#8221;1_5&#8243; _builder_version=&#8221;4.8.0&#8243; _module_preset=&#8221;default&#8221;][\/et_pb_column][et_pb_column type=&#8221;3_5&#8243; _builder_version=&#8221;4.8.0&#8243; _module_preset=&#8221;default&#8221;][et_pb_text _builder_version=&#8221;4.9.6&#8243; _module_preset=&#8221;default&#8221; width=&#8221;100%&#8221;] Escolas Parceiras &nbsp; CRECHE ESCOLA ANDRADE E TORRESTravessa S\u00e3o Feliciano, 34, Fonseca CENTRO EDUCACIONAL MONTEIROAlameda S\u00e3o Boaventura, N\u00ba 1057, [&hellip;]<\/p>\n","protected":false},"author":9,"featured_media":0,"parent":32055,"menu_order":0,"comment_status":"closed","ping_status":"closed","template":"","meta":{"_et_pb_use_builder":"on","_et_pb_old_content":"","_et_gb_content_width":"","footnotes":""},"class_list":["post-46061","page","type-page","status-publish","hentry"],"_links":{"self":[{"href":"https:\/\/www.educacao.niteroi.rj.gov.br\/index.php?rest_route=\/wp\/v2\/pages\/46061","targetHints":{"allow":["GET"]}}],"collection":[{"href":"https:\/\/www.educacao.niteroi.rj.gov.br\/index.php?rest_route=\/wp\/v2\/pages"}],"about":[{"href":"https:\/\/www.educacao.niteroi.rj.gov.br\/index.php?rest_route=\/wp\/v2\/types\/page"}],"author":[{"embeddable":true,"href":"https:\/\/www.educacao.niteroi.rj.gov.br\/index.php?rest_route=\/wp\/v2\/users\/9"}],"replies":[{"embeddable":true,"href":"https:\/\/www.educacao.niteroi.rj.gov.br\/index.php?rest_route=%2Fwp%2Fv2%2Fcomments&post=46061"}],"version-history":[{"count":9,"href":"https:\/\/www.educacao.niteroi.rj.gov.br\/index.php?rest_route=\/wp\/v2\/pages\/46061\/revisions"}],"predecessor-version":[{"id":46076,"href":"https:\/\/www.educacao.niteroi.rj.gov.br\/index.php?rest_route=\/wp\/v2\/pages\/46061\/revisions\/46076"}],"up":[{"embeddable":true,"href":"https:\/\/www.educacao.niteroi.rj.gov.br\/index.php?rest_route=\/wp\/v2\/pages\/32055"}],"wp:attachment":[{"href":"https:\/\/www.educacao.niteroi.rj.gov.br\/index.php?rest_route=%2Fwp%2Fv2%2Fmedia&parent=46061"}],"curies":[{"name":"wp","href":"https:\/\/api.w.org\/{rel}","templated":true}]}}