{"id":47195,"date":"2025-11-10T11:31:09","date_gmt":"2025-11-10T14:31:09","guid":{"rendered":"https:\/\/www.educacao.niteroi.rj.gov.br\/?page_id=47195"},"modified":"2025-11-10T11:31:09","modified_gmt":"2025-11-10T14:31:09","slug":"lista-de-espera","status":"publish","type":"page","link":"https:\/\/www.educacao.niteroi.rj.gov.br\/?page_id=47195","title":{"rendered":"Lista de Espera"},"content":{"rendered":"<p><a href=\"https:\/\/drive.google.com\/file\/d\/1Z0fj1uuZdtxCjJXg9TOU5s5nO73uuzgh\/view?usp=sharing\" target=\"_blank\"><span style=\"color: #00ccff;\"><strong><span style=\"color: #3366ff;\">Lista de espera 2025<\/span><\/strong><\/span><\/a><\/p>\n<p><a href=\"https:\/\/diariooficial.niteroi.rj.gov.br\/do\/2024\/11_Nov\/01.pdf\" target=\"_blank\"><span style=\"color: #000000;\">Os crit\u00e9rios para elabora\u00e7\u00e3o est\u00e3o no edital conjunto<\/span>\u00a0<span style=\"color: #3366ff;\"><strong>SME\/FME n\u00ba 007\/2024\u00a0<\/strong><\/span><\/a><\/p>\n<p>&nbsp;<\/p>\n","protected":false},"excerpt":{"rendered":"<p>Lista de espera 2025 Os crit\u00e9rios para elabora\u00e7\u00e3o est\u00e3o no edital conjunto\u00a0SME\/FME n\u00ba 007\/2024\u00a0 &nbsp;<\/p>\n","protected":false},"author":9,"featured_media":0,"parent":0,"menu_order":0,"comment_status":"closed","ping_status":"closed","template":"","meta":{"_et_pb_use_builder":"","_et_pb_old_content":"","_et_gb_content_width":"","footnotes":""},"class_list":["post-47195","page","type-page","status-publish","hentry"],"_links":{"self":[{"href":"https:\/\/www.educacao.niteroi.rj.gov.br\/index.php?rest_route=\/wp\/v2\/pages\/47195","targetHints":{"allow":["GET"]}}],"collection":[{"href":"https:\/\/www.educacao.niteroi.rj.gov.br\/index.php?rest_route=\/wp\/v2\/pages"}],"about":[{"href":"https:\/\/www.educacao.niteroi.rj.gov.br\/index.php?rest_route=\/wp\/v2\/types\/page"}],"author":[{"embeddable":true,"href":"https:\/\/www.educacao.niteroi.rj.gov.br\/index.php?rest_route=\/wp\/v2\/users\/9"}],"replies":[{"embeddable":true,"href":"https:\/\/www.educacao.niteroi.rj.gov.br\/index.php?rest_route=%2Fwp%2Fv2%2Fcomments&post=47195"}],"version-history":[{"count":2,"href":"https:\/\/www.educacao.niteroi.rj.gov.br\/index.php?rest_route=\/wp\/v2\/pages\/47195\/revisions"}],"predecessor-version":[{"id":47197,"href":"https:\/\/www.educacao.niteroi.rj.gov.br\/index.php?rest_route=\/wp\/v2\/pages\/47195\/revisions\/47197"}],"wp:attachment":[{"href":"https:\/\/www.educacao.niteroi.rj.gov.br\/index.php?rest_route=%2Fwp%2Fv2%2Fmedia&parent=47195"}],"curies":[{"name":"wp","href":"https:\/\/api.w.org\/{rel}","templated":true}]}}